{"id":715,"date":"2021-06-08T19:43:09","date_gmt":"2021-06-08T19:43:09","guid":{"rendered":"https:\/\/www.epicamericas.com\/contactez-nous\/"},"modified":"2022-04-19T22:07:38","modified_gmt":"2022-04-19T22:07:38","slug":"contactez-nous","status":"publish","type":"page","link":"https:\/\/www.epicamericas.com\/fr\/contactez-nous\/","title":{"rendered":"Contactez-nous"},"content":{"rendered":"<div class=\"wpb-content-wrapper\"><p>[vc_row full_width=\u00a0\u00bbstretch_row\u00a0\u00bb css=\u00a0\u00bb.vc_custom_1624417218706{border-top-width: 3px !important;background-color: #f7f7f7 !important;border-top-color: #86bcd9 !important;border-top-style: solid !important;}\u00a0\u00bb][vc_column][vc_column_text]<\/p>\n<p style=\"text-align: center; font-family: Montserrat; font-size: 18pt; color: #585858;\">Notre relation commence par une offre <span style=\"color: #1e5baf; font-weight: 500;\">de service du plus haut niveau<\/span><br \/>\n[\/vc_column_text][\/vc_column][\/vc_row][vc_row gap=\u00a0\u00bb35&Prime;][vc_column width=\u00a0\u00bb1\/2&Prime;][vc_column_text]<\/p>\n<p style=\"text-align: left; font-size: 26px; font-weight: 200; font-family: Montserrat; color: #1e5baf; line-height: 36px;\">Contactez-nous<\/p>\n<p>[\/vc_column_text][vc_column_text]<span style=\"font-weight: 400;\">Dans le domaine de la gestion des soins de sant\u00e9, nous savons que vous avez le choix. Mais ce qui nous distingue, c\u2019est notre conviction in\u00e9branlable qu\u2019en affaires, comme dans chaque aspect de la vie, les relations sont primordiales.<\/span><\/p>\n<p><span style=\"font-weight: 400;\">Notre exp\u00e9rience, notre cr\u00e9ativit\u00e9, notre transparence et notre engagement envers le client sont \u00e0 la base d\u2019un syst\u00e8me de souscription fiable et proactif, de rapports pr\u00e9cis et d\u2019analyses utiles, le tout s\u2019appuyant sur une technologie de pointe.<\/span><\/p>\n<p><span style=\"font-weight: 400;\">Nous sommes pr\u00eats \u00e0 construire une relation innovatrice avec votre entreprise, laquelle fera toute la diff\u00e9rence pour la satisfaction de vos affili\u00e9s et dans vos r\u00e9sultats financiers.<\/span>[\/vc_column_text][vc_column_text]<\/p>\n<p style=\"text-align: left; font-size: 26px; font-weight: 200; font-family: Montserrat; color: #1e5baf; line-height: 36px;\">Souhaitez-vous int\u00e9grer Epic ?<\/p>\n<p>[\/vc_column_text][vc_column_text]<strong>Adresse \u00e9lectronique :<\/strong><br \/>\n<span style=\"font-weight: 400;\">partners@epicamericas.com<\/span><\/p>\n<p><strong>Num\u00e9ro de t\u00e9l\u00e9phone :<\/strong><br \/>\n1 (<span data-ogsb=\"rgb(255, 255, 255)\">800) 563-5663<\/span><\/p>\n<p><strong>Adresse postale :<\/strong><br \/>\n8150 N. Central Expressway, Suite 1700<br \/>\nDallas, Texas 75206<br \/>\nUSA[\/vc_column_text][\/vc_column][vc_column width=\u00a0\u00bb1\/2&Prime;]\n                <div class='gf_browser_gecko gform_wrapper gf_stylespro_wrapper sp_inherit_wrapper' id='gform_wrapper_1' ><form method='post' enctype='multipart\/form-data'  id='gform_1' class='gf_stylespro sp_inherit' action='\/fr\/wp-json\/wp\/v2\/pages\/715'>\n                        <div class='gform_body'><ul id='gform_fields_1' class='gform_fields top_label form_sublabel_below description_below'><li id='field_1_1'  class='gfield gfield_contains_required field_sublabel_below field_description_below gfield_visibility_visible o_medium' ><label class='gfield_label' for='input_1_1' >Votre Nom au complet<span class='gfield_required'>*<\/span><\/label><div class='ginput_container ginput_container_text'><input name='input_1' id='input_1_1' type='text' value='' class='large full'     aria-required=\"true\" aria-invalid=\"false\" \/><\/div><\/li><li id='field_1_2'  class='gfield gfield_contains_required field_sublabel_below field_description_below gfield_visibility_visible gf_half o_medium' ><label class='gfield_label' for='input_1_2' >Votre Num\u00e9ro de t\u00e9l\u00e9phone<span class='gfield_required'>*<\/span><\/label><div class='ginput_container ginput_container_text'><input name='input_2' id='input_1_2' type='text' value='' class='large full'     aria-required=\"true\" aria-invalid=\"false\" \/><\/div><\/li><li id='field_1_3'  class='gfield gfield_contains_required field_sublabel_below field_description_below gfield_visibility_visible gf_half o_medium' ><label class='gfield_label' for='input_1_3' >Votre Courriel<span class='gfield_required'>*<\/span><\/label><div class='ginput_container ginput_container_text'><input name='input_3' id='input_1_3' type='text' value='' class='large full'     aria-required=\"true\" aria-invalid=\"false\" \/><\/div><\/li><li id='field_1_5'  class='gfield gfield_contains_required field_sublabel_below field_description_below gfield_visibility_visible gf_half o_medium' ><label class='gfield_label' for='input_1_5' >Pays<span class='gfield_required'>*<\/span><\/label><div class='ginput_container ginput_container_select'><select name='input_5' id='input_1_5' class='large full gfield_select'   aria-required=\"true\" aria-invalid=\"false\"><option value='Afghanistan' >Afghanistan<\/option><option value='\u00c5land Islands' >\u00c5land Islands<\/option><option value='Albania' >Albania<\/option><option value='Algeria' >Algeria<\/option><option value='American Samoa' >American Samoa<\/option><option value='Andorra' >Andorra<\/option><option value='Angola' >Angola<\/option><option value='Anguilla' >Anguilla<\/option><option value='Antarctica' >Antarctica<\/option><option value='Antigua and Barbuda' >Antigua and Barbuda<\/option><option value='Argentina' >Argentina<\/option><option value='Armenia' >Armenia<\/option><option value='Aruba' >Aruba<\/option><option value='Australia' >Australia<\/option><option value='Austria' >Austria<\/option><option value='Azerbaijan' >Azerbaijan<\/option><option value='Bahamas' >Bahamas<\/option><option value='Bahrain' >Bahrain<\/option><option value='Bangladesh' >Bangladesh<\/option><option value='Barbados' >Barbados<\/option><option value='Belarus' >Belarus<\/option><option value='Belgium' >Belgium<\/option><option value='Belize' >Belize<\/option><option value='Benin' >Benin<\/option><option value='Bermuda' >Bermuda<\/option><option value='Bhutan' >Bhutan<\/option><option value='Bolivia' >Bolivia<\/option><option value='Bonaire, Sint Eustatius and Saba' >Bonaire, Sint Eustatius and Saba<\/option><option value='Bosnia and Herzegovina' >Bosnia and Herzegovina<\/option><option value='Botswana' >Botswana<\/option><option value='Bouvet Island' >Bouvet Island<\/option><option value='Brazil' >Brazil<\/option><option value='British Indian Ocean Territory' >British Indian Ocean Territory<\/option><option value='Brunei Darrussalam' >Brunei Darrussalam<\/option><option value='Bulgaria' >Bulgaria<\/option><option value='Burkina Faso' >Burkina Faso<\/option><option value='Burundi' >Burundi<\/option><option value='Cambodia' >Cambodia<\/option><option value='Cameroon' >Cameroon<\/option><option value='Canada' >Canada<\/option><option value='Cape Verde' >Cape Verde<\/option><option value='Cayman Islands' >Cayman Islands<\/option><option value='Central African Republic' >Central African Republic<\/option><option value='Chad' >Chad<\/option><option value='Chile' >Chile<\/option><option value='China' >China<\/option><option value='Christmas Island' >Christmas Island<\/option><option value='Cocos Islands' >Cocos Islands<\/option><option value='Colombia' >Colombia<\/option><option value='Comoros' >Comoros<\/option><option value='Congo, Democratic Republic of the' >Congo, Democratic Republic of the<\/option><option value='Congo, Republic of the' >Congo, Republic of the<\/option><option value='Cook Islands' >Cook Islands<\/option><option value='Costa Rica' >Costa Rica<\/option><option value='C\u00f4te d&#039;Ivoire' >C\u00f4te d&#039;Ivoire<\/option><option value='Croatia' >Croatia<\/option><option value='Cuba' >Cuba<\/option><option value='Cura\u00e7ao' >Cura\u00e7ao<\/option><option value='Cyprus' >Cyprus<\/option><option value='Czech Republic' >Czech Republic<\/option><option value='Denmark' >Denmark<\/option><option value='Djibouti' >Djibouti<\/option><option value='Dominica' >Dominica<\/option><option value='Dominican Republic' >Dominican Republic<\/option><option value='Ecuador' >Ecuador<\/option><option value='Egypt' >Egypt<\/option><option value='El Salvador' >El Salvador<\/option><option value='Equatorial Guinea' >Equatorial Guinea<\/option><option value='Eritrea' >Eritrea<\/option><option value='Estonia' >Estonia<\/option><option value='Eswatini (Swaziland)' >Eswatini (Swaziland)<\/option><option value='Ethiopia' >Ethiopia<\/option><option value='Falkland Islands' >Falkland Islands<\/option><option value='Faroe Islands' >Faroe Islands<\/option><option value='Fiji' >Fiji<\/option><option value='Finland' >Finland<\/option><option value='France' >France<\/option><option value='French Guiana' >French Guiana<\/option><option value='French Polynesia' >French Polynesia<\/option><option value='French Southern Territories' >French Southern Territories<\/option><option value='Gabon' >Gabon<\/option><option value='Gambia' >Gambia<\/option><option value='Georgia' >Georgia<\/option><option value='Germany' >Germany<\/option><option value='Ghana' >Ghana<\/option><option value='Gibraltar' >Gibraltar<\/option><option value='Greece' >Greece<\/option><option value='Greenland' >Greenland<\/option><option value='Grenada' >Grenada<\/option><option value='Guadeloupe' >Guadeloupe<\/option><option value='Guam' >Guam<\/option><option value='Guatemala' >Guatemala<\/option><option value='Guernsey' >Guernsey<\/option><option value='Guinea' >Guinea<\/option><option value='Guinea-Bissau' >Guinea-Bissau<\/option><option value='Guyana' >Guyana<\/option><option value='Haiti' >Haiti<\/option><option value='Heard and McDonald Islands' >Heard and McDonald Islands<\/option><option value='Holy See' >Holy See<\/option><option value='Honduras' >Honduras<\/option><option value='Hong Kong' >Hong Kong<\/option><option value='Hungary' >Hungary<\/option><option value='Iceland' >Iceland<\/option><option value='India' >India<\/option><option value='Indonesia' >Indonesia<\/option><option value='Iran' >Iran<\/option><option value='Iraq' >Iraq<\/option><option value='Ireland' >Ireland<\/option><option value='Isle of Man' >Isle of Man<\/option><option value='Israel' >Israel<\/option><option value='Italy' >Italy<\/option><option value='Jamaica' >Jamaica<\/option><option value='Japan' >Japan<\/option><option value='Jersey' >Jersey<\/option><option value='Jordan' >Jordan<\/option><option value='Kazakhstan' >Kazakhstan<\/option><option value='Kenya' >Kenya<\/option><option value='Kiribati' >Kiribati<\/option><option value='Kuwait' >Kuwait<\/option><option value='Kyrgyzstan' >Kyrgyzstan<\/option><option value='Lao People&#039;s Democratic Republic' >Lao People&#039;s Democratic Republic<\/option><option value='Latvia' >Latvia<\/option><option value='Lebanon' >Lebanon<\/option><option value='Lesotho' >Lesotho<\/option><option value='Liberia' >Liberia<\/option><option value='Libya' >Libya<\/option><option value='Liechtenstein' >Liechtenstein<\/option><option value='Lithuania' >Lithuania<\/option><option value='Luxembourg' >Luxembourg<\/option><option value='Macau' >Macau<\/option><option value='Macedonia' >Macedonia<\/option><option value='Madagascar' >Madagascar<\/option><option value='Malawi' >Malawi<\/option><option value='Malaysia' >Malaysia<\/option><option value='Maldives' >Maldives<\/option><option value='Mali' >Mali<\/option><option value='Malta' >Malta<\/option><option value='Marshall Islands' >Marshall Islands<\/option><option value='Martinique' >Martinique<\/option><option value='Mauritania' >Mauritania<\/option><option value='Mauritius' >Mauritius<\/option><option value='Mayotte' >Mayotte<\/option><option value='Mexico' >Mexico<\/option><option value='Micronesia' >Micronesia<\/option><option value='Moldova' >Moldova<\/option><option value='Monaco' >Monaco<\/option><option value='Mongolia' >Mongolia<\/option><option value='Montenegro' >Montenegro<\/option><option value='Montserrat' >Montserrat<\/option><option value='Morocco' >Morocco<\/option><option value='Mozambique' >Mozambique<\/option><option value='Myanmar' >Myanmar<\/option><option value='Namibia' >Namibia<\/option><option value='Nauru' >Nauru<\/option><option value='Nepal' >Nepal<\/option><option value='Netherlands' >Netherlands<\/option><option value='New Caledonia' >New Caledonia<\/option><option value='New Zealand' >New Zealand<\/option><option value='Nicaragua' >Nicaragua<\/option><option value='Niger' >Niger<\/option><option value='Nigeria' >Nigeria<\/option><option value='Niue' >Niue<\/option><option value='Norfolk Island' >Norfolk Island<\/option><option value='North Korea' >North Korea<\/option><option value='Northern Mariana Islands' >Northern Mariana Islands<\/option><option value='Norway' >Norway<\/option><option value='Oman' >Oman<\/option><option value='Pakistan' >Pakistan<\/option><option value='Palau' >Palau<\/option><option value='Palestine, State of' >Palestine, State of<\/option><option value='Panama' >Panama<\/option><option value='Papua New Guinea' >Papua New Guinea<\/option><option value='Paraguay' >Paraguay<\/option><option value='Peru' >Peru<\/option><option value='Philippines' >Philippines<\/option><option value='Pitcairn' >Pitcairn<\/option><option value='Poland' >Poland<\/option><option value='Portugal' >Portugal<\/option><option value='Puerto Rico' >Puerto Rico<\/option><option value='Qatar' >Qatar<\/option><option value='R\u00e9union' >R\u00e9union<\/option><option value='Romania' >Romania<\/option><option value='Russia' >Russia<\/option><option value='Rwanda' >Rwanda<\/option><option value='Saint Barth\u00e9lemy' >Saint Barth\u00e9lemy<\/option><option value='Saint Helena' >Saint Helena<\/option><option value='Saint Kitts and Nevis' >Saint Kitts and Nevis<\/option><option value='Saint Lucia' >Saint Lucia<\/option><option value='Saint Martin' >Saint Martin<\/option><option value='Saint Pierre and Miquelon' >Saint Pierre and Miquelon<\/option><option value='Saint Vincent and the Grenadines' >Saint Vincent and the Grenadines<\/option><option value='Samoa' >Samoa<\/option><option value='San Marino' >San Marino<\/option><option value='Sao Tome and Principe' >Sao Tome and Principe<\/option><option value='Saudi Arabia' >Saudi Arabia<\/option><option value='Senegal' >Senegal<\/option><option value='Serbia' >Serbia<\/option><option value='Seychelles' >Seychelles<\/option><option value='Sierra Leone' >Sierra Leone<\/option><option value='Singapore' >Singapore<\/option><option value='Sint Maarten' >Sint Maarten<\/option><option value='Slovakia' >Slovakia<\/option><option value='Slovenia' >Slovenia<\/option><option value='Solomon Islands' >Solomon Islands<\/option><option value='Somalia' >Somalia<\/option><option value='South Africa' >South Africa<\/option><option value='South Georgia' >South Georgia<\/option><option value='South Korea' >South Korea<\/option><option value='South Sudan' >South Sudan<\/option><option value='Spain' >Spain<\/option><option value='Sri Lanka' >Sri Lanka<\/option><option value='Sudan' >Sudan<\/option><option value='Suriname' >Suriname<\/option><option value='Svalbard and Jan Mayen Islands' >Svalbard and Jan Mayen Islands<\/option><option value='Sweden' >Sweden<\/option><option value='Switzerland' >Switzerland<\/option><option value='Syria' >Syria<\/option><option value='Taiwan' >Taiwan<\/option><option value='Tajikistan' >Tajikistan<\/option><option value='Tanzania' >Tanzania<\/option><option value='Thailand' >Thailand<\/option><option value='Timor-Leste' >Timor-Leste<\/option><option value='Togo' >Togo<\/option><option value='Tokelau' >Tokelau<\/option><option value='Tonga' >Tonga<\/option><option value='Trinidad and Tobago' >Trinidad and Tobago<\/option><option value='Tunisia' >Tunisia<\/option><option value='Turkey' >Turkey<\/option><option value='Turkmenistan' >Turkmenistan<\/option><option value='Turks and Caicos Islands' >Turks and Caicos Islands<\/option><option value='Tuvalu' >Tuvalu<\/option><option value='Uganda' >Uganda<\/option><option value='Ukraine' >Ukraine<\/option><option value='United Arab Emirates' >United Arab Emirates<\/option><option value='United Kingdom' >United Kingdom<\/option><option value='United States' >United States<\/option><option value='Uruguay' >Uruguay<\/option><option value='US Minor Outlying Islands' >US Minor Outlying Islands<\/option><option value='Uzbekistan' >Uzbekistan<\/option><option value='Vanuatu' >Vanuatu<\/option><option value='Venezuela' >Venezuela<\/option><option value='Vietnam' >Vietnam<\/option><option value='Virgin Islands, British' >Virgin Islands, British<\/option><option value='Virgin Islands, U.S.' >Virgin Islands, U.S.<\/option><option value='Wallis and Futuna' >Wallis and Futuna<\/option><option value='Western Sahara' >Western Sahara<\/option><option value='Yemen' >Yemen<\/option><option value='Zambia' >Zambia<\/option><option value='Zimbabwe' >Zimbabwe<\/option><\/select><\/div><\/li><li id='field_1_7'  class='gfield gfield_contains_required field_sublabel_below field_description_below gfield_visibility_visible gf_half o_medium' ><label class='gfield_label' for='input_1_7' >Principal int\u00e9r\u00eat<span class='gfield_required'>*<\/span><\/label><div class='ginput_container ginput_container_select'><select name='input_7' id='input_1_7' class='large full gfield_select'   aria-required=\"true\" aria-invalid=\"false\"><option value='Client Prospect' >Client Prospect<\/option><option value='Other' >Other<\/option><\/select><\/div><\/li><li id='field_1_8'  class='gfield field_sublabel_below field_description_below gfield_visibility_visible' ><label class='gfield_label' for='input_1_8' >Commentaires<\/label><div class='ginput_container ginput_container_textarea'><textarea name='input_8' id='input_1_8' class='textarea medium'      aria-invalid=\"false\"   rows='10' cols='50'><\/textarea><\/div><\/li><li id='field_1_9'  class='gfield field_sublabel_below field_description_below gfield_visibility_visible' ><label class='gfield_label' for='input_1_9' >Joindre un document<\/label><div class='ginput_container ginput_container_fileupload'><input type='hidden' name='MAX_FILE_SIZE' value='2097152' \/><input name='input_9' id='input_1_9' type='file' class='medium' aria-describedby='validation_message_1_9 live_validation_message_1_9 extensions_message_1_9' onchange='javascript:gformValidateFileSize( this, 2097152 );'  \/><span id='extensions_message_1_9' class='screen-reader-text'><\/span><div class='validation_message' id='live_validation_message_1_9'><\/div><\/div><\/li><li id='field_1_10'  class='gfield field_sublabel_below field_description_below gfield_visibility_visible' ><label class='gfield_label' for='input_1_10' >CAPTCHA<\/label><div id='input_1_10' class='ginput_container ginput_recaptcha' data-sitekey='6LdNiu4dAAAAABgyMEeM5KJGYDYRVOwjcyV899Im'  data-theme='light' data-tabindex='0'  data-badge=''><\/div><\/li>\n                            <\/ul><\/div>\n        <div class='gform_footer top_label'> <input type='submit' id='gform_submit_button_1' class='gform_button button' value='Envoyer' tabindex='1' onclick='if(window[\"gf_submitting_1\"]){return false;}  window[\"gf_submitting_1\"]=true;  ' onkeypress='if( event.keyCode == 13 ){ if(window[\"gf_submitting_1\"]){return false;} window[\"gf_submitting_1\"]=true;  jQuery(\"#gform_1\").trigger(\"submit\",[true]); }' \/> \n            <input type='hidden' class='gform_hidden' name='is_submit_1' value='1' \/>\n            <input type='hidden' class='gform_hidden' name='gform_submit' value='1' \/>\n            \n            <input type='hidden' class='gform_hidden' name='gform_unique_id' value='' \/>\n            <input type='hidden' class='gform_hidden' name='state_1' value='WyJbXSIsImYxZjg1MWM2YmYzZjNjZjU4NDJlN2RhMWRlNjA5MzNiIl0=' \/>\n            <input type='hidden' class='gform_hidden' name='gform_target_page_number_1' id='gform_target_page_number_1' value='0' \/>\n            <input type='hidden' class='gform_hidden' name='gform_source_page_number_1' id='gform_source_page_number_1' value='1' \/>\n            <input type='hidden' name='gform_field_values' value='' \/>\n            \n        <\/div>\n                        <\/form>\n                        <\/div><script type='text\/javascript'> jQuery(document).bind('gform_post_render', function(event, formId, currentPage){if(formId == 1) {jQuery(document).ready(function(){ $wrapper = jQuery(\"#gform_wrapper_1\"); $wrapper.find(\".gf_icon_after .gfsp_icon\").each(function() { jQuery(this).next().after(this); });  $wrapper.find(\".gf_icon_after .ginput_container_date .gfsp_icon, .gf_icon_after .ginput_container_time .gfsp_icon\").each(function() { jQuery(this).closest(\".ginput_container\").siblings(\":last\").find(\"input, select\").after(this); }) });window.gf_stylespro_icon_default=!1,window.setGfspIconHeights=function(){return 1==gf_stylespro_icon_default?void(\"undefined\"!=typeof gform&&gform.removeHook(\"action\",\"gform_post_conditional_logic_field_action\",10,\"setGfspIconHeights_tag\")):(gf_wr=jQuery(\".gform_wrapper\"),textHeight=gf_wr.find('.ginput_container [type=\"text\"]:not(.chosen-search-input):visible').first().outerHeight(),selectHeight=gf_wr.find(\".ginput_container select:visible\").first().outerHeight(),numberHeight=gf_wr.find('.ginput_container [type=\"number\"]:visible').first().outerHeight(),fileHeight=gf_wr.find('.ginput_container [type=\"file\"]:visible').first().outerHeight(),dragDrop=gf_wr.find(\".ginput_container .gform_button_select_files:visible\").first().outerHeight(),add_styles=\"\",null!=textHeight&&(window.gf_stylespro_icon_default=!0,add_styles+=\".gfsp_icon, .gfield_calculation .ginput_container_number .gfsp_icon {height: \"+textHeight+\"px}\"),null!=selectHeight&&(add_styles+=\".ginput_container_select .gfsp_icon,.gfield_date_dropdown_day .gfsp_icon,.gfield_date_dropdown_month .gfsp_icon,.gfield_date_dropdown_year .gfsp_icon {height: \"+selectHeight+\"px}\"),null!=numberHeight&&(add_styles+=\".ginput_container_number .gfsp_icon {height: \"+numberHeight+\"px}\"),null!=fileHeight&&(add_styles+=\".ginput_container_post_image .gfsp_icon,.ginput_container_post_image div:not(.gform_drop_area) .gfsp_icon {height: \"+fileHeight+\"px}\"),null!=dragDrop&&(add_styles+=\".gform_drop_area .gfsp_icon {height: \"+dragDrop+\"px}\"),void(void 0==gf_wr.children(\"#gf_stylespro_adjustments\")[0]?gf_wr.append('<style id=\"gf_stylespro_adjustments\">'+add_styles+\"<\/style>\"):gf_wr.children(\"#gf_stylespro_adjustments\").first().html(add_styles)))},\"undefined\"!=typeof gform&&gform.addAction(\"gform_post_conditional_logic_field_action\",\"setGfspIconHeights\",10,\"setGfspIconHeights_tag\"),jQuery(document).ready(function(){setGfspIconHeights()}),jQuery(window).load(function(){setGfspIconHeights()});} } );jQuery(document).bind('gform_post_conditional_logic', function(event, formId, fields, isInit){} );<\/script><script type='text\/javascript'> jQuery(document).ready(function(){jQuery(document).trigger('gform_post_render', [1, 1]) } ); <\/script>[\/vc_column][\/vc_row][vc_row css=\u00a0\u00bb.vc_custom_1624392684701{padding-right: 20px !important;padding-left: 20px !important;}\u00a0\u00bb][vc_column]<div class=\"ult-spacer spacer-69f2daca7b8b1\" data-id=\"69f2daca7b8b1\" data-height=\"60\" data-height-mobile=\"60\" data-height-tab=\"60\" data-height-tab-portrait=\"\" data-height-mobile-landscape=\"\" style=\"clear:both;display:block;\"><\/div>[\/vc_column][\/vc_row]<\/p>\n<\/div>","protected":false},"excerpt":{"rendered":"<p>[vc_row full_width=\u00a0\u00bbstretch_row\u00a0\u00bb css=\u00a0\u00bb.vc_custom_1624417218706{border-top-width: 3px !important;background-color: #f7f7f7 !important;border-top-color: #86bcd9 !important;border-top-style: solid !important;}\u00a0\u00bb][vc_column][vc_column_text] Notre relation commence par une offre de service du plus haut niveau [\/vc_column_text][\/vc_column][\/vc_row][vc_row gap=\u00a0\u00bb35&Prime;][vc_column width=\u00a0\u00bb1\/2&Prime;][vc_column_text] Contactez-nous [\/vc_column_text][vc_column_text]Dans le domaine de la gestion des soins de sant\u00e9, nous savons que vous avez le choix. Mais ce qui nous distingue, c\u2019est notre conviction in\u00e9branlable qu\u2019en affaires,&hellip;<\/p>\n","protected":false},"author":1,"featured_media":0,"parent":0,"menu_order":0,"comment_status":"closed","ping_status":"closed","template":"","meta":{"footnotes":""},"class_list":["post-715","page","type-page","status-publish","hentry","description-off"],"_links":{"self":[{"href":"https:\/\/www.epicamericas.com\/fr\/wp-json\/wp\/v2\/pages\/715","targetHints":{"allow":["GET"]}}],"collection":[{"href":"https:\/\/www.epicamericas.com\/fr\/wp-json\/wp\/v2\/pages"}],"about":[{"href":"https:\/\/www.epicamericas.com\/fr\/wp-json\/wp\/v2\/types\/page"}],"author":[{"embeddable":true,"href":"https:\/\/www.epicamericas.com\/fr\/wp-json\/wp\/v2\/users\/1"}],"replies":[{"embeddable":true,"href":"https:\/\/www.epicamericas.com\/fr\/wp-json\/wp\/v2\/comments?post=715"}],"version-history":[{"count":3,"href":"https:\/\/www.epicamericas.com\/fr\/wp-json\/wp\/v2\/pages\/715\/revisions"}],"predecessor-version":[{"id":722,"href":"https:\/\/www.epicamericas.com\/fr\/wp-json\/wp\/v2\/pages\/715\/revisions\/722"}],"wp:attachment":[{"href":"https:\/\/www.epicamericas.com\/fr\/wp-json\/wp\/v2\/media?parent=715"}],"curies":[{"name":"wp","href":"https:\/\/api.w.org\/{rel}","templated":true}]}}