{"id":712,"date":"2021-07-09T04:23:26","date_gmt":"2021-07-09T04:23:26","guid":{"rendered":"https:\/\/www.epicamericas.com\/qui-nous-servons\/"},"modified":"2022-04-19T22:08:23","modified_gmt":"2022-04-19T22:08:23","slug":"qui-nous-servons","status":"publish","type":"page","link":"https:\/\/www.epicamericas.com\/fr\/qui-nous-servons\/","title":{"rendered":"Qui nous servons"},"content":{"rendered":"<div class=\"wpb-content-wrapper\"><p>[vc_row full_width=\u00a0\u00bbstretch_row\u00a0\u00bb css=\u00a0\u00bb.vc_custom_1624417218706{border-top-width: 3px !important;background-color: #f7f7f7 !important;border-top-color: #86bcd9 !important;border-top-style: solid !important;}\u00a0\u00bb][vc_column][vc_column_text]<\/p>\n<p style=\"text-align: center;\"><span style=\"font-family: Montserrat; font-size: 18pt; color: #585858;\">Nous cr\u00e9ons, en respectant vos param\u00e8tres, <\/span><span style=\"font-family: Montserrat; font-size: 18pt; color: #585858;\"><span style=\"font-family: Montserrat; font-size: 18pt; color: #585858;\">\u00e0 vos <span style=\"font-weight: 500; color: #1e5baf;\"> besoins sp\u00e9cifiques<\/span><\/span><\/span><\/p>\n<p>[\/vc_column_text][\/vc_column][\/vc_row][vc_row][vc_column]<div class=\"ult-spacer spacer-69f276a524ecc\" data-id=\"69f276a524ecc\" data-height=\"60\" data-height-mobile=\"60\" data-height-tab=\"60\" data-height-tab-portrait=\"\" data-height-mobile-landscape=\"\" style=\"clear:both;display:block;\"><\/div>[vc_column_text]<\/p>\n<p style=\"font-size: 26px; font-weight: 200; font-family: Montserrat; color: #1e5baf; line-height: 36px; text-align: left;\">Une large gamme de services<\/p>\n<p>[\/vc_column_text]<div class=\"ult-spacer spacer-69f276a524f51\" data-id=\"69f276a524f51\" data-height=\"60\" data-height-mobile=\"60\" data-height-tab=\"60\" data-height-tab-portrait=\"\" data-height-mobile-landscape=\"\" style=\"clear:both;display:block;\"><\/div>[\/vc_column][\/vc_row][vc_row][vc_column][vc_tour interval=\u00a0\u00bb0&Prime; style=\u00a0\u00bbtab-style-three\u00a0\u00bb][vc_tab title=\u00a0\u00bbVoyages et d\u00e9placements\u00a0\u00bb tab_id=\u00a0\u00bbfe1c3c4b-8a67-9&Prime;][vc_column_text css=\u00a0\u00bb.vc_custom_1625677126699{margin-bottom: 10px !important;padding-bottom: 0px !important;}\u00a0\u00bb][\/vc_column_text][vc_column_text]<img fetchpriority=\"high\" decoding=\"async\" class=\"alignnone size-full wp-image-199\" src=\"https:\/\/www.epicamericas.com\/wp-content\/uploads\/2021\/07\/travel-services.jpg\" alt=\"\" width=\"735\" height=\"205\" srcset=\"https:\/\/www.epicamericas.com\/wp-content\/uploads\/2021\/07\/travel-services.jpg 735w, https:\/\/www.epicamericas.com\/wp-content\/uploads\/2021\/07\/travel-services-300x84.jpg 300w\" sizes=\"(max-width: 735px) 100vw, 735px\" \/>[\/vc_column_text][vc_column_text css=\u00a0\u00bb.vc_custom_1626828379157{margin-bottom: 10px !important;padding-bottom: 0px !important;}\u00a0\u00bb]<\/p>\n<p style=\"font-size: 26px; font-weight: 200; font-family: Montserrat; color: #1e5baf; line-height: 36px; text-align: left;\">Voyages et d\u00e9placements<\/p>\n<p>[\/vc_column_text][vc_column_text]<span style=\"font-weight: 400;\">Lorsque l\u2019inattendu se produit, nos clients savent qu\u2019ils seront couverts, et que les soins ou les arrangements qui sont n\u00e9cessaires seront g\u00e9r\u00e9s par nos \u00e9quipes professionnelles.<\/span>[\/vc_column_text][\/vc_tab][vc_tab title=\u00a0\u00bbExpatri\u00e9s\u00a0\u00bb tab_id=\u00a0\u00bb1630539806059-4-4&Prime;][vc_column_text css=\u00a0\u00bb.vc_custom_1625677126699{margin-bottom: 10px !important;padding-bottom: 0px !important;}\u00a0\u00bb][\/vc_column_text][vc_column_text]<img decoding=\"async\" class=\"alignnone size-full wp-image-373\" src=\"https:\/\/www.epicamericas.com\/wp-content\/uploads\/2021\/09\/expat-services.jpg\" alt=\"\" width=\"735\" height=\"205\" srcset=\"https:\/\/www.epicamericas.com\/wp-content\/uploads\/2021\/09\/expat-services.jpg 735w, https:\/\/www.epicamericas.com\/wp-content\/uploads\/2021\/09\/expat-services-300x84.jpg 300w\" sizes=\"(max-width: 735px) 100vw, 735px\" \/>[\/vc_column_text][vc_column_text css=\u00a0\u00bb.vc_custom_1630539830246{margin-bottom: 10px !important;padding-bottom: 0px !important;}\u00a0\u00bb]<\/p>\n<p style=\"font-size: 26px; font-weight: 200; font-family: Montserrat; color: #1e5baf; line-height: 36px; text-align: left;\">Expatri\u00e9s<\/p>\n<p>[\/vc_column_text][vc_column_text]<span style=\"font-weight: 400;\">Lorsqu\u2019ils se trouvent aux \u00c9tats-Unis, les expatri\u00e9s et les \u00e9tudiants internationaux doivent pouvoir compter sur un acc\u00e8s rapide \u00e0 des prestataires de soins de sant\u00e9 parmi les plus qualifi\u00e9s et ce, sans formalit\u00e9s excessives. Nous structurerons votre r\u00e9seau en fonction des donn\u00e9es d\u00e9mographiques et des mod\u00e8les d\u2019utilisation des clients. Nous savons qu\u2019une approche sp\u00e9cifique est requise pour les populations d\u2019expatri\u00e9s, et que la satisfaction des affili\u00e9s est essentielle pour un d\u00e9veloppement continu de votre entreprise.<\/span><\/p>\n<p><span style=\"font-weight: 400;\">Epic offre des services administratifs complets :<\/span><\/p>\n<ul>\n<li style=\"font-weight: 400;\" aria-level=\"1\"><span style=\"font-weight: 400;\">Inscription<\/span><\/li>\n<li style=\"font-weight: 400;\" aria-level=\"1\"><span style=\"font-weight: 400;\">Financement<\/span><\/li>\n<li style=\"font-weight: 400;\" aria-level=\"1\"><span style=\"font-weight: 400;\">Rapports<\/span><\/li>\n<li style=\"font-weight: 400;\" aria-level=\"1\"><span style=\"font-weight: 400;\">Subrogation<\/span><\/li>\n<\/ul>\n<p><span style=\"font-weight: 400;\">La gestion des prestations pharmaceutiques est \u00e9galement possible par le biais de VerusRx, notre solution interne. Et selon vos besoins et les prestations incluses dans vos polices d\u2019assurance, d\u2019autres r\u00e9seaux peuvent aussi vous \u00eatre propos\u00e9s.<\/span>[\/vc_column_text][\/vc_tab][vc_tab title=\u00a0\u00bb\u00c9tudiants\u00a0\u00bb tab_id=\u00a0\u00bb1625618998140-2-7&Prime;][vc_column_text][\/vc_column_text][vc_column_text]<img decoding=\"async\" class=\"alignnone size-full wp-image-255\" src=\"https:\/\/www.epicamericas.com\/wp-content\/uploads\/2021\/07\/student-services.jpg\" alt=\"\" width=\"735\" height=\"205\" srcset=\"https:\/\/www.epicamericas.com\/wp-content\/uploads\/2021\/07\/student-services.jpg 735w, https:\/\/www.epicamericas.com\/wp-content\/uploads\/2021\/07\/student-services-300x84.jpg 300w\" sizes=\"(max-width: 735px) 100vw, 735px\" \/>[\/vc_column_text][vc_column_text css=\u00a0\u00bb.vc_custom_1626828436813{margin-bottom: 10px !important;padding-bottom: 0px !important;}\u00a0\u00bb]<\/p>\n<p style=\"font-size: 26px; font-weight: 200; font-family: Montserrat; color: #1e5baf; line-height: 36px; text-align: left;\">\u00c9tudiants<\/p>\n<p>[\/vc_column_text][vc_column_text]<span style=\"font-weight: 400;\">Les \u00e9tudiants doivent pouvoir se concentrer sur leur parcours d\u2019\u00e9tudes, sans avoir \u00e0 se soucier des formalit\u00e9s pour b\u00e9n\u00e9ficier de la prise en charge dont ils ont besoin.<\/span>[\/vc_column_text][\/vc_tab][vc_tab title=\u00a0\u00bbAssurance m\u00e9dicale priv\u00e9e internationale (IPMI) \u00a0\u00bb tab_id=\u00a0\u00bb1626304442650-4-9&Prime;][vc_column_text]<img loading=\"lazy\" decoding=\"async\" class=\"alignnone size-full wp-image-256\" src=\"https:\/\/www.epicamericas.com\/wp-content\/uploads\/2021\/07\/ipmi-services.jpg\" alt=\"\" width=\"735\" height=\"205\" srcset=\"https:\/\/www.epicamericas.com\/wp-content\/uploads\/2021\/07\/ipmi-services.jpg 735w, https:\/\/www.epicamericas.com\/wp-content\/uploads\/2021\/07\/ipmi-services-300x84.jpg 300w\" sizes=\"(max-width: 735px) 100vw, 735px\" \/>[\/vc_column_text][vc_column_text][\/vc_column_text][vc_column_text css=\u00a0\u00bb.vc_custom_1626828487797{margin-bottom: 10px !important;padding-bottom: 0px !important;}\u00a0\u00bb]<\/p>\n<p style=\"font-size: 26px; font-weight: 200; font-family: Montserrat; color: #1e5baf; line-height: 36px; text-align: left;\">Assurance m\u00e9dicale priv\u00e9e internationale (IPMI)<\/p>\n<p>[\/vc_column_text][vc_column_text]<span style=\"font-weight: 400;\">Pour les expatri\u00e9s et les particuliers qui vivent et travaillent en dehors de leur pays d\u2019origine, l\u2019assurance m\u00e9dicale priv\u00e9e internationale (IPMI) garantit les meilleurs soins possibles partout dans le monde.<\/span><\/p>\n<p><span style=\"font-weight: 400;\">Nos portails Internet en libre-service pour les agents, les affili\u00e9s, les employeurs et les prestataires permettent aux utilisateurs d\u2019ex\u00e9cuter de multiples fonctions en ligne et ainsi de gagner du temps.<\/span>[\/vc_column_text][\/vc_tab][vc_tab title=\u00a0\u00bbAssistance m\u00e9dicale dans les cas graves\u00a0\u00bb tab_id=\u00a0\u00bb1626304195304-4-9&Prime;][vc_column_text css=\u00a0\u00bb.vc_custom_1625677126699{margin-bottom: 10px !important;padding-bottom: 0px !important;}\u00a0\u00bb][\/vc_column_text][vc_column_text]<img loading=\"lazy\" decoding=\"async\" class=\"alignnone size-full wp-image-254\" src=\"https:\/\/www.epicamericas.com\/wp-content\/uploads\/2021\/07\/major-medical-services.jpg\" alt=\"\" width=\"735\" height=\"205\" srcset=\"https:\/\/www.epicamericas.com\/wp-content\/uploads\/2021\/07\/major-medical-services.jpg 735w, https:\/\/www.epicamericas.com\/wp-content\/uploads\/2021\/07\/major-medical-services-300x84.jpg 300w\" sizes=\"(max-width: 735px) 100vw, 735px\" \/>[\/vc_column_text][vc_column_text css=\u00a0\u00bb.vc_custom_1626304212236{margin-bottom: 10px !important;padding-bottom: 0px !important;}\u00a0\u00bb]<\/p>\n<p style=\"font-size: 26px; font-weight: 200; font-family: Montserrat; color: #1e5baf; line-height: 36px; text-align: left;\">Assistance m\u00e9dicale dans les cas graves<\/p>\n<p>[\/vc_column_text][vc_column_text]<span style=\"font-weight: 400;\">Les interventions planifi\u00e9es et les traitements non urgents requi\u00e8rent une approche diff\u00e9rente. Veuillez nous contacter directement pour obtenir des informations d\u00e9taill\u00e9es sur nos centres d\u2019excellence.<\/span>[\/vc_column_text][\/vc_tab][\/vc_tour][\/vc_column][\/vc_row]<\/p>\n<\/div>","protected":false},"excerpt":{"rendered":"<p>[vc_row full_width=\u00a0\u00bbstretch_row\u00a0\u00bb css=\u00a0\u00bb.vc_custom_1624417218706{border-top-width: 3px !important;background-color: #f7f7f7 !important;border-top-color: #86bcd9 !important;border-top-style: solid !important;}\u00a0\u00bb][vc_column][vc_column_text] Nous cr\u00e9ons, en respectant vos param\u00e8tres, \u00e0 vos besoins sp\u00e9cifiques [\/vc_column_text][\/vc_column][\/vc_row][vc_row][vc_column][vc_column_text] Une large gamme de services [\/vc_column_text][\/vc_column][\/vc_row][vc_row][vc_column][vc_tour interval=\u00a0\u00bb0&Prime; style=\u00a0\u00bbtab-style-three\u00a0\u00bb][vc_tab title=\u00a0\u00bbVoyages et d\u00e9placements\u00a0\u00bb tab_id=\u00a0\u00bbfe1c3c4b-8a67-9&Prime;][vc_column_text css=\u00a0\u00bb.vc_custom_1625677126699{margin-bottom: 10px !important;padding-bottom: 0px !important;}\u00a0\u00bb][\/vc_column_text][vc_column_text][\/vc_column_text][vc_column_text css=\u00a0\u00bb.vc_custom_1626828379157{margin-bottom: 10px !important;padding-bottom: 0px !important;}\u00a0\u00bb] Voyages et d\u00e9placements [\/vc_column_text][vc_column_text]Lorsque l\u2019inattendu se produit, nos clients savent qu\u2019ils&hellip;<\/p>\n","protected":false},"author":1,"featured_media":0,"parent":0,"menu_order":0,"comment_status":"closed","ping_status":"closed","template":"","meta":{"footnotes":""},"class_list":["post-712","page","type-page","status-publish","hentry","description-off"],"_links":{"self":[{"href":"https:\/\/www.epicamericas.com\/fr\/wp-json\/wp\/v2\/pages\/712","targetHints":{"allow":["GET"]}}],"collection":[{"href":"https:\/\/www.epicamericas.com\/fr\/wp-json\/wp\/v2\/pages"}],"about":[{"href":"https:\/\/www.epicamericas.com\/fr\/wp-json\/wp\/v2\/types\/page"}],"author":[{"embeddable":true,"href":"https:\/\/www.epicamericas.com\/fr\/wp-json\/wp\/v2\/users\/1"}],"replies":[{"embeddable":true,"href":"https:\/\/www.epicamericas.com\/fr\/wp-json\/wp\/v2\/comments?post=712"}],"version-history":[{"count":3,"href":"https:\/\/www.epicamericas.com\/fr\/wp-json\/wp\/v2\/pages\/712\/revisions"}],"predecessor-version":[{"id":721,"href":"https:\/\/www.epicamericas.com\/fr\/wp-json\/wp\/v2\/pages\/712\/revisions\/721"}],"wp:attachment":[{"href":"https:\/\/www.epicamericas.com\/fr\/wp-json\/wp\/v2\/media?parent=712"}],"curies":[{"name":"wp","href":"https:\/\/api.w.org\/{rel}","templated":true}]}}