{"id":703,"date":"2021-06-22T19:56:44","date_gmt":"2021-06-22T19:56:44","guid":{"rendered":"https:\/\/www.epicamericas.com\/a-propos-de-nous\/"},"modified":"2022-04-26T14:41:01","modified_gmt":"2022-04-26T14:41:01","slug":"a-propos-de-nous","status":"publish","type":"page","link":"https:\/\/www.epicamericas.com\/fr\/a-propos-de-nous\/","title":{"rendered":"\u00c0 propos de nous"},"content":{"rendered":"<div class=\"wpb-content-wrapper\"><p>[vc_row full_width=\u00a0\u00bbstretch_row\u00a0\u00bb css=\u00a0\u00bb.vc_custom_1624417218706{border-top-width: 3px !important;background-color: #f7f7f7 !important;border-top-color: #86bcd9 !important;border-top-style: solid !important;}\u00a0\u00bb][vc_column][vc_column_text]<\/p>\n<p style=\"text-align: center;\"><span style=\"font-family: Montserrat; font-size: 18pt; color: #585858;\">La fusion des leaders du secteur,<\/span><br \/>\n<span style=\"font-family: Montserrat; font-size: 18pt;\"><span style=\"color: #585858;\">c\u2019est l\u2019<\/span> <span style=\"color: #1e5baf; font-weight: 500;\">l\u2019avantage offert par Epic<\/span><\/span>[\/vc_column_text][\/vc_column][\/vc_row][vc_row full_width=\u00a0\u00bbstretch_row_content\u00a0\u00bb css=\u00a0\u00bb.vc_custom_1633991597508{margin-bottom: 0px !important;padding-bottom: 0px !important;background-color: #e6eff4 !important;background-position: 0 0 !important;background-repeat: repeat !important;}\u00a0\u00bb][vc_column offset=\u00a0\u00bbvc_hidden-xs\u00a0\u00bb css=\u00a0\u00bb.vc_custom_1633991618519{margin-bottom: 0px !important;}\u00a0\u00bb]<div data-enable_animator='nomobile' class='wpb_animate_when_almost_visible gambit-css-animation fade-in ' style='-webkit-animation-duration: 1s;-moz-animation-duration: 1s;-ms-animation-duration: 1s;-o-animation-duration: 1s;animation-duration: 1s;-webkit-transition-duration: 1s;-moz-transition-duration: 1s;-ms-transition-duration: 1s;-o-transition-duration: 1s;transition-duration: 1s;opacity: 0;-webkit-animation-delay: 0.1s;-moz-animation-delay: 0.1s;-ms-animation-delay: 0.1s;-o-animation-delay: 0.1s;animation-delay: 0.1s;-webkit-transition-delay: 0.1s;-moz-transition-delay: 0.1s;-ms-transition-delay: 0.1s;-o-transition-delay: 0.1s;transition-delay: 0.1s'>[vc_column_text css=\u00a0\u00bb.vc_custom_1633991638407{margin-bottom: 0px !important;}\u00a0\u00bb]<img fetchpriority=\"high\" decoding=\"async\" class=\"size-full wp-image-462 aligncenter\" src=\"https:\/\/www.epicamericas.com\/wp-content\/uploads\/2022\/04\/map-fr.png\" alt=\"\" width=\"1367\" height=\"546\" \/>[\/vc_column_text]<\/div>[\/vc_column][\/vc_row][vc_row full_width=\u00a0\u00bbstretch_row_content\u00a0\u00bb css=\u00a0\u00bb.vc_custom_1633995674174{background-color: #e6eff4 !important;}\u00a0\u00bb][vc_column offset=\u00a0\u00bbvc_hidden-lg vc_hidden-md vc_hidden-sm\u00a0\u00bb][vc_column_text]<img decoding=\"async\" class=\"size-full wp-image-465 aligncenter\" src=\"https:\/\/www.epicamericas.com\/wp-content\/uploads\/2022\/04\/map2-mb-fr.png\" alt=\"\" width=\"640\" height=\"420\" \/>[\/vc_column_text][vc_column_text]<img decoding=\"async\" class=\"size-full wp-image-466 aligncenter\" src=\"https:\/\/www.epicamericas.com\/wp-content\/uploads\/2022\/04\/map1-mb-fr.png\" alt=\"\" width=\"640\" height=\"420\" \/>[\/vc_column_text][\/vc_column][\/vc_row][vc_row][vc_column]<div class=\"ult-spacer spacer-69ff09658b85e\" data-id=\"69ff09658b85e\" data-height=\"100\" data-height-mobile=\"10\" data-height-tab=\"\" data-height-tab-portrait=\"\" data-height-mobile-landscape=\"\" style=\"clear:both;display:block;\"><\/div>[\/vc_column][\/vc_row][vc_row gap=\u00a0\u00bb35&Prime; equal_height=\u00a0\u00bbyes\u00a0\u00bb content_placement=\u00a0\u00bbtop\u00a0\u00bb][vc_column offset=\u00a0\u00bbvc_hidden-xs\u00a0\u00bb][vc_row_inner equal_height=\u00a0\u00bbyes\u00a0\u00bb content_placement=\u00a0\u00bbtop\u00a0\u00bb][vc_column_inner width=\u00a0\u00bb1\/2&Prime;][vc_column_text css=\u00a0\u00bb.vc_custom_1632339651905{margin-bottom: 0px !important;padding-bottom: 40px !important;}\u00a0\u00bb]<\/p>\n<p style=\"text-align: left;\"><span style=\"font-family: Montserrat; font-weight: 200; color: #1e5baf; font-size: 26px;\">Une alliance de connaissances de l\u2019int\u00e9rieur<br \/>\n<\/span><span style=\"font-family: Montserrat; font-weight: 200; color: #1e5baf; font-size: 26px;\">et de r\u00e9seaux exclusifs<\/span>[\/vc_column_text][vc_column_text]<span style=\"font-weight: 400;\">Epic apporte un solide h\u00e9ritage d\u2019exp\u00e9riences et de connaissances approfondies, acquis depuis plus de 35 ans sur un march\u00e9 complexe et en constante \u00e9volution. <\/span><span style=\"font-weight: 400;\">Appartenant \u00e0 un groupe d\u2019entreprises prim\u00e9, les soci\u00e9t\u00e9s affili\u00e9es comptent plus de 450 employ\u00e9s dans le monde entier.<\/span><\/p>\n<p><span style=\"font-weight: 400;\">La direction a consid\u00e9r\u00e9 qu\u2019une synergie pouvait na\u00eetre de l\u2019alliance entre National Healthcare Solutions, Inc. (NHSI) fond\u00e9e en 1992 et Ardent Assistance fond\u00e9e en 2017 : l\u2019union de ces deux soci\u00e9t\u00e9s a donn\u00e9 naissance \u00e0 une nouvelle entit\u00e9, appuy\u00e9e par le r\u00e9seau exclusif de VUMI en Am\u00e9rique latine. Epic offre des solutions dans toutes les Am\u00e9riques lesquelles ne sont pas propos\u00e9es ailleurs sur le march\u00e9.<\/span>[\/vc_column_text][\/vc_column_inner][vc_column_inner width=\u00a0\u00bb1\/2&Prime;][vc_column_text css_animation=\u00a0\u00bbfadeIn\u00a0\u00bb css=\u00a0\u00bb.vc_custom_1650659997052{margin-bottom: 30px !important;}\u00a0\u00bb]<img loading=\"lazy\" decoding=\"async\" class=\"size-full wp-image-459 aligncenter\" src=\"https:\/\/www.epicamericas.com\/wp-content\/uploads\/2022\/04\/35-fre.png\" alt=\"\" width=\"416\" height=\"315\" \/>[\/vc_column_text][\/vc_column_inner][\/vc_row_inner][\/vc_column][\/vc_row][vc_row][vc_column]<div class=\"ult-spacer spacer-69ff09658b8a0\" data-id=\"69ff09658b8a0\" data-height=\"120\" data-height-mobile=\"60\" data-height-tab=\"\" data-height-tab-portrait=\"\" data-height-mobile-landscape=\"\" style=\"clear:both;display:block;\"><\/div>[\/vc_column][\/vc_row][vc_row full_width=\u00a0\u00bbstretch_row\u00a0\u00bb gap=\u00a0\u00bb35&Prime; equal_height=\u00a0\u00bbyes\u00a0\u00bb content_placement=\u00a0\u00bbtop\u00a0\u00bb][vc_column width=\u00a0\u00bb1\/3&Prime;][vc_column_text]<img loading=\"lazy\" decoding=\"async\" class=\"alignnone size-full wp-image-414\" src=\"https:\/\/www.epicamericas.com\/wp-content\/uploads\/2021\/09\/nhsi-logo.jpg\" alt=\"\" width=\"350\" height=\"120\" srcset=\"https:\/\/www.epicamericas.com\/wp-content\/uploads\/2021\/09\/nhsi-logo.jpg 350w, https:\/\/www.epicamericas.com\/wp-content\/uploads\/2021\/09\/nhsi-logo-300x103.jpg 300w\" sizes=\"(max-width: 350px) 100vw, 350px\" \/>[\/vc_column_text][vc_column_text]<span style=\"font-weight: 400;\">L\u2019entreprise NHSI \u00e9tait auparavant une entreprise &lsquo;leader&rsquo;, sp\u00e9cialis\u00e9e dans le contr\u00f4le des co\u00fbts, la gestion des demandes de remboursement et l\u2019orientation des patients. Les r\u00e9seaux exclusifs de NHSI et le r\u00e9seau national de ses filiales permettaient de s\u2019y retrouver facilement dans l\u2019environnement complexe du syst\u00e8me de sant\u00e9 des \u00c9tats-Unis.<\/span>[\/vc_column_text][\/vc_column][vc_column width=\u00a0\u00bb1\/3&Prime;][vc_column_text]<img loading=\"lazy\" decoding=\"async\" class=\"alignnone size-full wp-image-411\" src=\"https:\/\/www.epicamericas.com\/wp-content\/uploads\/2021\/09\/ardent-logo.jpg\" alt=\"\" width=\"350\" height=\"120\" \/>[\/vc_column_text][vc_column_text]<span style=\"font-weight: 400;\">Ardent Assistance a acquis sa solide r\u00e9putation en offrant des services uniques dans le domaine de l\u2019assistance et de la gestion de dossiers. Son centre d\u2019appels multilingue permettait d\u2019aider les assur\u00e9s 24 heures sur 24, 7 jours sur 7. Elle \u00e9tait en mesure de suivre l\u2019\u00e9tat de sant\u00e9 d\u2019un patient d\u00e8s le d\u00e9but d\u2019une urgence, avec l\u2019assistance d\u2019une \u00e9quipe m\u00e9dicale hautement qualifi\u00e9e examinant et approuvant les proc\u00e9dures ou les interventions chirurgicales selon le cas.<\/span>[\/vc_column_text][\/vc_column][vc_column width=\u00a0\u00bb1\/3&Prime;][vc_column_text]<img loading=\"lazy\" decoding=\"async\" class=\"alignnone size-full wp-image-412\" src=\"https:\/\/www.epicamericas.com\/wp-content\/uploads\/2021\/09\/vumi-logo.jpg\" alt=\"\" width=\"350\" height=\"120\" \/>[\/vc_column_text][vc_column_text]<span style=\"font-weight: 400;\">VUMI\u00ae est une soci\u00e9t\u00e9 d\u2019assurance maladie plusieurs fois prim\u00e9e, qui a \u00e9tabli un r\u00e9seau in\u00e9gal\u00e9 de prestataires de soins de sant\u00e9 offrant les meilleures options en Am\u00e9rique latine. Gr\u00e2ce \u00e0 son r\u00e9seau, elle offre aux assur\u00e9s un acc\u00e8s \u00e0 toute entit\u00e9 prestataire de soins m\u00e9dicaux, tout en ayant le souci de maintenir les co\u00fbts les plus bas possible et le tarif ad\u00e9quat pour chaque proc\u00e9dure.<\/span>[\/vc_column_text][\/vc_column][\/vc_row][vc_row][vc_column]<div class=\"ult-spacer spacer-69ff09658b8d7\" data-id=\"69ff09658b8d7\" data-height=\"120\" data-height-mobile=\"60\" data-height-tab=\"\" data-height-tab-portrait=\"\" data-height-mobile-landscape=\"\" style=\"clear:both;display:block;\"><\/div>[\/vc_column][\/vc_row][vc_row gap=\u00a0\u00bb35&Prime; equal_height=\u00a0\u00bbyes\u00a0\u00bb][vc_column shadow_str=\u00a0\u00bb1&Prime;][vc_row_inner equal_height=\u00a0\u00bbyes\u00a0\u00bb content_placement=\u00a0\u00bbtop\u00a0\u00bb gap=\u00a0\u00bb35&Prime;][vc_column_inner width=\u00a0\u00bb1\/2&Prime; css=\u00a0\u00bb.vc_custom_1630624556018{padding: 50px !important;background-color: #f7f7f7 !important;}\u00a0\u00bb]<div data-enable_animator='nomobile' class='wpb_animate_when_almost_visible gambit-css-animation fade-in ' style='opacity: 0;-webkit-animation-delay: 0.1s;-moz-animation-delay: 0.1s;-ms-animation-delay: 0.1s;-o-animation-delay: 0.1s;animation-delay: 0.1s;-webkit-transition-delay: 0.1s;-moz-transition-delay: 0.1s;-ms-transition-delay: 0.1s;-o-transition-delay: 0.1s;transition-delay: 0.1s'>[vc_column_text css=\u00a0\u00bb.vc_custom_1626878835048{margin-bottom: 0px !important;padding-bottom: 10px !important;}\u00a0\u00bb]<\/p>\n<p style=\"text-align: center;\"><span style=\"font-family: Montserrat; font-weight: 200; color: #1e5baf; font-size: 26px;\">Notre mission<\/span><\/p>\n<p>[\/vc_column_text][vc_separator color=\u00a0\u00bbcustom\u00a0\u00bb border_width=\u00a0\u00bb4&Prime; el_width=\u00a0\u00bb20&Prime; accent_color=\u00a0\u00bb#d6245d\u00a0\u00bb][vc_column_text]<\/p>\n<p style=\"text-align: center;\">Servir de guide \u00e0 travers les syst\u00e8mes de sant\u00e9 complexes des Am\u00e9riques, en assurant une valeur, une performance et des services optimaux.<\/p>\n<p>[\/vc_column_text]<\/div>[\/vc_column_inner][vc_column_inner width=\u00a0\u00bb1\/2&Prime; css=\u00a0\u00bb.vc_custom_1630624564419{padding: 50px !important;background-color: #f7f7f7 !important;}\u00a0\u00bb]<div data-enable_animator='nomobile' class='wpb_animate_when_almost_visible gambit-css-animation fade-in ' style='-webkit-animation-duration: 0.8s;-moz-animation-duration: 0.8s;-ms-animation-duration: 0.8s;-o-animation-duration: 0.8s;animation-duration: 0.8s;-webkit-transition-duration: 0.8s;-moz-transition-duration: 0.8s;-ms-transition-duration: 0.8s;-o-transition-duration: 0.8s;transition-duration: 0.8s;opacity: 0;-webkit-animation-delay: 0.4s;-moz-animation-delay: 0.4s;-ms-animation-delay: 0.4s;-o-animation-delay: 0.4s;animation-delay: 0.4s;-webkit-transition-delay: 0.4s;-moz-transition-delay: 0.4s;-ms-transition-delay: 0.4s;-o-transition-delay: 0.4s;transition-delay: 0.4s'>[vc_column_text css=\u00a0\u00bb.vc_custom_1631658675507{margin-bottom: 0px !important;padding-bottom: 10px !important;}\u00a0\u00bb]<\/p>\n<p style=\"text-align: center;\"><span style=\"font-family: Montserrat; font-weight: 200; color: #1e5baf; font-size: 26px;\">Notre philosophie<\/span><\/p>\n<p>[\/vc_column_text][vc_separator color=\u00a0\u00bbcustom\u00a0\u00bb border_width=\u00a0\u00bb4&Prime; el_width=\u00a0\u00bb20&Prime; accent_color=\u00a0\u00bb#d6245d\u00a0\u00bb][vc_column_text]<\/p>\n<p style=\"text-align: center;\">Notre esprit d\u2019entreprise nous incite \u00e0 innover et \u00e0 proposer des solutions &lsquo;\u00e9piques&rsquo;, tout en fournissant des solutions ax\u00e9es sur la transparence, l\u2019int\u00e9grit\u00e9 et le client \u00e0 chaque point de contact.<\/p>\n<p>[\/vc_column_text]<\/div>[\/vc_column_inner][\/vc_row_inner][\/vc_column][\/vc_row][vc_row][vc_column]<div class=\"ult-spacer spacer-69ff09658ba17\" data-id=\"69ff09658ba17\" data-height=\"120\" data-height-mobile=\"60\" data-height-tab=\"\" data-height-tab-portrait=\"\" data-height-mobile-landscape=\"\" style=\"clear:both;display:block;\"><\/div>[\/vc_column][\/vc_row]<\/p>\n<\/div>","protected":false},"excerpt":{"rendered":"<p>[vc_row full_width=\u00a0\u00bbstretch_row\u00a0\u00bb css=\u00a0\u00bb.vc_custom_1624417218706{border-top-width: 3px !important;background-color: #f7f7f7 !important;border-top-color: #86bcd9 !important;border-top-style: solid !important;}\u00a0\u00bb][vc_column][vc_column_text] La fusion des leaders du secteur, c\u2019est l\u2019 l\u2019avantage offert par Epic[\/vc_column_text][\/vc_column][\/vc_row][vc_row full_width=\u00a0\u00bbstretch_row_content\u00a0\u00bb css=\u00a0\u00bb.vc_custom_1633991597508{margin-bottom: 0px !important;padding-bottom: 0px !important;background-color: #e6eff4 !important;background-position: 0 0 !important;background-repeat: repeat !important;}\u00a0\u00bb][vc_column offset=\u00a0\u00bbvc_hidden-xs\u00a0\u00bb css=\u00a0\u00bb.vc_custom_1633991618519{margin-bottom: 0px !important;}\u00a0\u00bb][\/vc_column][\/vc_row][vc_row full_width=\u00a0\u00bbstretch_row_content\u00a0\u00bb css=\u00a0\u00bb.vc_custom_1633995674174{background-color: #e6eff4 !important;}\u00a0\u00bb][vc_column offset=\u00a0\u00bbvc_hidden-lg vc_hidden-md vc_hidden-sm\u00a0\u00bb][vc_column_text][\/vc_column_text][vc_column_text][\/vc_column_text][\/vc_column][\/vc_row][vc_row][vc_column][\/vc_column][\/vc_row][vc_row gap=\u00a0\u00bb35&Prime; equal_height=\u00a0\u00bbyes\u00a0\u00bb content_placement=\u00a0\u00bbtop\u00a0\u00bb][vc_column offset=\u00a0\u00bbvc_hidden-xs\u00a0\u00bb][vc_row_inner equal_height=\u00a0\u00bbyes\u00a0\u00bb content_placement=\u00a0\u00bbtop\u00a0\u00bb][vc_column_inner width=\u00a0\u00bb1\/2&Prime;][vc_column_text css=\u00a0\u00bb.vc_custom_1632339651905{margin-bottom:&hellip;<\/p>\n","protected":false},"author":1,"featured_media":0,"parent":0,"menu_order":0,"comment_status":"closed","ping_status":"closed","template":"","meta":{"footnotes":""},"class_list":["post-703","page","type-page","status-publish","hentry","description-off"],"_links":{"self":[{"href":"https:\/\/www.epicamericas.com\/fr\/wp-json\/wp\/v2\/pages\/703","targetHints":{"allow":["GET"]}}],"collection":[{"href":"https:\/\/www.epicamericas.com\/fr\/wp-json\/wp\/v2\/pages"}],"about":[{"href":"https:\/\/www.epicamericas.com\/fr\/wp-json\/wp\/v2\/types\/page"}],"author":[{"embeddable":true,"href":"https:\/\/www.epicamericas.com\/fr\/wp-json\/wp\/v2\/users\/1"}],"replies":[{"embeddable":true,"href":"https:\/\/www.epicamericas.com\/fr\/wp-json\/wp\/v2\/comments?post=703"}],"version-history":[{"count":13,"href":"https:\/\/www.epicamericas.com\/fr\/wp-json\/wp\/v2\/pages\/703\/revisions"}],"predecessor-version":[{"id":752,"href":"https:\/\/www.epicamericas.com\/fr\/wp-json\/wp\/v2\/pages\/703\/revisions\/752"}],"wp:attachment":[{"href":"https:\/\/www.epicamericas.com\/fr\/wp-json\/wp\/v2\/media?parent=703"}],"curies":[{"name":"wp","href":"https:\/\/api.w.org\/{rel}","templated":true}]}}