{"id":700,"date":"2021-06-08T19:13:43","date_gmt":"2021-06-08T19:13:43","guid":{"rendered":"https:\/\/www.epicamericas.com\/home\/"},"modified":"2022-06-22T21:33:08","modified_gmt":"2022-06-22T21:33:08","slug":"home","status":"publish","type":"page","link":"https:\/\/www.epicamericas.com\/fr\/","title":{"rendered":"Home"},"content":{"rendered":"<div class=\"wpb-content-wrapper\"><p>[vc_row full_width=\u00a0\u00bbstretch_row\u00a0\u00bb disable_element=\u00a0\u00bbyes\u00a0\u00bb css=\u00a0\u00bb.vc_custom_1627667933079{border-top-width: 4px !important;background-color: #f7f7f7 !important;border-top-color: #86bcd9 !important;border-top-style: solid !important;}\u00a0\u00bb][vc_column][vc_row_inner equal_height=\u00a0\u00bbyes\u00a0\u00bb content_placement=\u00a0\u00bbmiddle\u00a0\u00bb gap=\u00a0\u00bb35&Prime;][vc_column_inner][\/vc_column_inner][\/vc_row_inner][\/vc_column][\/vc_row][vc_row][vc_column]<div class=\"ult-spacer spacer-69f55ca65bfd3\" data-id=\"69f55ca65bfd3\" data-height=\"100\" data-height-mobile=\"100\" data-height-tab=\"100\" data-height-tab-portrait=\"\" data-height-mobile-landscape=\"\" style=\"clear:both;display:block;\"><\/div>[vc_column_text css=\u00a0\u00bb.vc_custom_1627919745871{margin-bottom: 0px !important;padding-bottom: 0px !important;}\u00a0\u00bb]<\/p>\n<p style=\"text-align: center; font-size: 26px; font-weight: 500; font-family: Montserrat; color: #1e5baf; line-height: 36px;\">Nous vous pr\u00e9sentons Epic<\/p>\n<p>[\/vc_column_text][vc_column_text]<\/p>\n<p style=\"text-align: center; font-family: Montserrat; font-size: 18pt;\"><span style=\"color: #1e5baf; font-weight: 200;\">Votre partenaire dans toutes les Am\u00e9riques<\/span><\/p>\n<p>[\/vc_column_text][vc_separator color=\u00a0\u00bbcustom\u00a0\u00bb border_width=\u00a0\u00bb4&Prime; el_width=\u00a0\u00bb10&Prime; accent_color=\u00a0\u00bb#d6245d\u00a0\u00bb]<div class=\"ult-spacer spacer-69f55ca65c029\" data-id=\"69f55ca65c029\" data-height=\"60\" data-height-mobile=\"60\" data-height-tab=\"60\" data-height-tab-portrait=\"\" data-height-mobile-landscape=\"\" style=\"clear:both;display:block;\"><\/div>[vc_row_inner equal_height=\u00a0\u00bbyes\u00a0\u00bb content_placement=\u00a0\u00bbmiddle\u00a0\u00bb gap=\u00a0\u00bb35&Prime;][vc_column_inner width=\u00a0\u00bb1\/2&Prime;][vc_column_text]<\/p>\n<p style=\"font-size: 26px; font-weight: 200; font-family: Montserrat; color: #1e5baf; line-height: 36px; text-align: left;\">Epic compl\u00e8te l\u2019\u00e9ventail de produits et de services que vous offrez d\u00e9j\u00e0<\/p>\n<p>[\/vc_column_text][vc_column_text]<b><span style=\"font-weight: 400;\">Nous connaissons bien les Am\u00e9riques. N\u00e9e de la fusion d\u2019exp\u00e9riences et de connaissances, Epic est enti\u00e8rement \u00e0 l\u2019\u00e9coute des march\u00e9s et en constante \u00e9volution \u2013 comme seule une entreprise anim\u00e9e d\u2019un v\u00e9ritable esprit d\u2019entreprise peut l\u2019\u00eatre. Notre capacit\u00e9 \u00e0 r\u00e9pondre rapidement aux nouveaux d\u00e9fis est la composante g\u00e9n\u00e9tique essentielle de notre entreprise.<\/span><\/b><\/p>\n<p><b>Nous sommes l\u00e0 pour vous aider \u00e0 vous orienter face \u00e0 la complexit\u00e9 et \u00e0 la diversit\u00e9 des march\u00e9s d\u2019assurance maladie et de couverture de soins de sant\u00e9 offerts sur le continent am\u00e9ricain : \u00c9tats-Unis, Canada et Am\u00e9rique latine.<\/b><\/p>\n<p><span style=\"font-weight: 400;\">Chez Epic, nous sommes au fait des conditions qui sont changeantes, c\u2019est pourquoi nous pouvons offrir continuellement des solutions optimales \u00e0 nos clients.<\/span><\/p>\n<p><b>Notre avantage, c\u2019est que nous connaissons bien l\u2019ensemble des Am\u00e9riques <\/b><\/p>\n<p><span style=\"font-weight: 400;\">S\u2019appuyant sur ses relations de longue date avec ses soci\u00e9t\u00e9s affili\u00e9es, Epic met \u00e0 votre disposition ses r\u00e9seaux exclusifs, fond\u00e9s sur des accords solides et directs.<\/span>[\/vc_column_text][\/vc_column_inner][vc_column_inner width=\u00a0\u00bb1\/2&Prime;][vc_column_text]<a data-fancybox=\"iframe\" data-type=\"iframe\" data-src=\"https:\/\/www.youtube.com\/embed\/kDJKdsATYyE?modestbranding=1;rel=0\"><img fetchpriority=\"high\" decoding=\"async\" class=\"fancyover aligncenter\" src=\"https:\/\/www.epicamericas.com\/wp-content\/uploads\/2021\/07\/epic-video.jpg\" alt=\"\" width=\"575\" height=\"406\" \/><\/a>[\/vc_column_text][\/vc_column_inner][\/vc_row_inner][\/vc_column][\/vc_row][vc_row][vc_column]<div class=\"ult-spacer spacer-69f55ca65c061\" data-id=\"69f55ca65c061\" data-height=\"90\" data-height-mobile=\"30\" data-height-tab=\"\" data-height-tab-portrait=\"\" data-height-mobile-landscape=\"\" style=\"clear:both;display:block;\"><\/div>[\/vc_column][\/vc_row][vc_row full_width=\u00a0\u00bbstretch_row\u00a0\u00bb content_placement=\u00a0\u00bbmiddle\u00a0\u00bb css=\u00a0\u00bb.vc_custom_1630717526019{background: #1e3861 url(https:\/\/www.epicamericas.com\/wp-content\/uploads\/2021\/09\/americas-back.jpg?id=347) !important;background-position: center !important;background-repeat: no-repeat !important;background-size: contain !important;}\u00a0\u00bb][vc_column]<div class=\"ult-spacer spacer-69f55ca65c094\" data-id=\"69f55ca65c094\" data-height=\"90\" data-height-mobile=\"30\" data-height-tab=\"\" data-height-tab-portrait=\"\" data-height-mobile-landscape=\"\" style=\"clear:both;display:block;\"><\/div>[vc_row_inner][vc_column_inner width=\u00a0\u00bb1\/3&Prime;][vc_column_text css=\u00a0\u00bb.vc_custom_1630614768110{margin-bottom: 0px !important;padding-bottom: 0px !important;}\u00a0\u00bb]<\/p>\n<p style=\"text-align: left; font-size: 24px; font-weight: 500; font-family: Montserrat; color: #fff; line-height: 36px;\">Vous pouvez compter sur Epic<\/p>\n<p>[\/vc_column_text][vc_column_text css=\u00a0\u00bb.vc_custom_1630614845081{margin-top: 0px !important;margin-bottom: 20px !important;padding-top: 0px !important;padding-bottom: 0px !important;}\u00a0\u00bb]<\/p>\n<p style=\"text-align: left; font-size: 20px; font-weight: 200; font-family: Montserrat; color: #fff; line-height: 26px;\">dans les Am\u00e9riques pour vous apporter :<\/p>\n<p>[\/vc_column_text][vc_separator color=\u00a0\u00bbcustom\u00a0\u00bb align=\u00a0\u00bbalign_left\u00a0\u00bb border_width=\u00a0\u00bb4&Prime; el_width=\u00a0\u00bb40&Prime; accent_color=\u00a0\u00bb#d6245d\u00a0\u00bb][vc_column_text]<\/p>\n<ul>\n<li><span style=\"color: #cccccc;\">Des solutions compl\u00e8tes pour tous vos besoins, gr\u00e2ce \u00e0 ses r\u00e9seaux <\/span><\/li>\n<li><span style=\"color: #cccccc;\">Des r\u00e9seaux de prestataires de soins pr\u00e9f\u00e9rentiels, nationaux et r\u00e9gionaux, les plus prestigieux<\/span><\/li>\n<li><span style=\"color: #cccccc;\">Un service d\u2019appel 24 h \/ 24 et 7 j \/7 pour l\u2019envoi d\u2019un m\u00e9decin \u00e0 domicile<\/span><\/li>\n<li><span style=\"color: #cccccc;\">Des services de t\u00e9l\u00e9m\u00e9decine 24 h\/24 et 7 j \/7 <\/span><\/li>\n<li><span style=\"color: #cccccc;\">L\u2019acc\u00e8s \u00e0 un grand ensemble de cliniques m\u00e9dicales \u00e0 proximit\u00e9<\/span><\/li>\n<li><span style=\"color: #cccccc;\">Une \u00e9quipe de gestion de compte qui assure le suivi de la mise en \u0153uvre et de votre relation avec Epic <\/span><\/li>\n<\/ul>\n<p>[\/vc_column_text][\/vc_column_inner][vc_column_inner width=\u00a0\u00bb1\/3&Prime;][\/vc_column_inner][vc_column_inner width=\u00a0\u00bb1\/3&Prime;][\/vc_column_inner][\/vc_row_inner]<div class=\"ult-spacer spacer-69f55ca65c0c3\" data-id=\"69f55ca65c0c3\" data-height=\"90\" data-height-mobile=\"30\" data-height-tab=\"\" data-height-tab-portrait=\"\" data-height-mobile-landscape=\"\" style=\"clear:both;display:block;\"><\/div>[\/vc_column][\/vc_row]<\/p>\n<\/div>","protected":false},"excerpt":{"rendered":"<p>[vc_row full_width=\u00a0\u00bbstretch_row\u00a0\u00bb disable_element=\u00a0\u00bbyes\u00a0\u00bb css=\u00a0\u00bb.vc_custom_1627667933079{border-top-width: 4px !important;background-color: #f7f7f7 !important;border-top-color: #86bcd9 !important;border-top-style: solid !important;}\u00a0\u00bb][vc_column][vc_row_inner equal_height=\u00a0\u00bbyes\u00a0\u00bb content_placement=\u00a0\u00bbmiddle\u00a0\u00bb gap=\u00a0\u00bb35&Prime;][vc_column_inner][\/vc_column_inner][\/vc_row_inner][\/vc_column][\/vc_row][vc_row][vc_column][vc_column_text css=\u00a0\u00bb.vc_custom_1627919745871{margin-bottom: 0px !important;padding-bottom: 0px !important;}\u00a0\u00bb] Nous vous pr\u00e9sentons Epic [\/vc_column_text][vc_column_text] Votre partenaire dans toutes les Am\u00e9riques [\/vc_column_text][vc_separator color=\u00a0\u00bbcustom\u00a0\u00bb border_width=\u00a0\u00bb4&Prime; el_width=\u00a0\u00bb10&Prime; accent_color=\u00a0\u00bb#d6245d\u00a0\u00bb][vc_row_inner equal_height=\u00a0\u00bbyes\u00a0\u00bb content_placement=\u00a0\u00bbmiddle\u00a0\u00bb gap=\u00a0\u00bb35&Prime;][vc_column_inner width=\u00a0\u00bb1\/2&Prime;][vc_column_text] Epic compl\u00e8te l\u2019\u00e9ventail de produits et de services que vous offrez d\u00e9j\u00e0 [\/vc_column_text][vc_column_text]Nous connaissons bien&hellip;<\/p>\n","protected":false},"author":1,"featured_media":0,"parent":0,"menu_order":0,"comment_status":"closed","ping_status":"closed","template":"","meta":{"footnotes":""},"class_list":["post-700","page","type-page","status-publish","hentry","description-off"],"_links":{"self":[{"href":"https:\/\/www.epicamericas.com\/fr\/wp-json\/wp\/v2\/pages\/700","targetHints":{"allow":["GET"]}}],"collection":[{"href":"https:\/\/www.epicamericas.com\/fr\/wp-json\/wp\/v2\/pages"}],"about":[{"href":"https:\/\/www.epicamericas.com\/fr\/wp-json\/wp\/v2\/types\/page"}],"author":[{"embeddable":true,"href":"https:\/\/www.epicamericas.com\/fr\/wp-json\/wp\/v2\/users\/1"}],"replies":[{"embeddable":true,"href":"https:\/\/www.epicamericas.com\/fr\/wp-json\/wp\/v2\/comments?post=700"}],"version-history":[{"count":14,"href":"https:\/\/www.epicamericas.com\/fr\/wp-json\/wp\/v2\/pages\/700\/revisions"}],"predecessor-version":[{"id":784,"href":"https:\/\/www.epicamericas.com\/fr\/wp-json\/wp\/v2\/pages\/700\/revisions\/784"}],"wp:attachment":[{"href":"https:\/\/www.epicamericas.com\/fr\/wp-json\/wp\/v2\/media?parent=700"}],"curies":[{"name":"wp","href":"https:\/\/api.w.org\/{rel}","templated":true}]}}