{"id":572,"date":"2021-07-09T04:23:26","date_gmt":"2021-07-09T04:23:26","guid":{"rendered":"https:\/\/www.epicamericas.com\/a-quienes-servimos\/"},"modified":"2022-04-08T18:46:03","modified_gmt":"2022-04-08T18:46:03","slug":"a-quienes-servimos","status":"publish","type":"page","link":"https:\/\/www.epicamericas.com\/es\/a-quienes-servimos\/","title":{"rendered":"A Qui\u00e9nes Servimos"},"content":{"rendered":"<div class=\"wpb-content-wrapper\"><p>[vc_row full_width=\u00bbstretch_row\u00bb css=\u00bb.vc_custom_1624417218706{border-top-width: 3px !important;background-color: #f7f7f7 !important;border-top-color: #86bcd9 !important;border-top-style: solid !important;}\u00bb][vc_column][vc_column_text]<\/p>\n<p style=\"text-align: center;\"><span style=\"font-family: Montserrat; font-size: 18pt; color: #585858;\">Trabajando dentro de sus par\u00e1metros, creamos programas<br \/>\npersonalizados que satisfacen sus<\/span><span style=\"font-family: Montserrat; font-size: 18pt; color: #585858;\">\u00a0<span style=\"font-weight: 500; color: #1e5baf;\">necesidades espec\u00edficas<\/span><\/span><\/p>\n<p>[\/vc_column_text][\/vc_column][\/vc_row][vc_row][vc_column]<div class=\"ult-spacer spacer-69f275fa1a51b\" data-id=\"69f275fa1a51b\" data-height=\"60\" data-height-mobile=\"60\" data-height-tab=\"60\" data-height-tab-portrait=\"\" data-height-mobile-landscape=\"\" style=\"clear:both;display:block;\"><\/div>[vc_column_text]<\/p>\n<p style=\"font-size: 26px; font-weight: 200; font-family: Montserrat; color: #1e5baf; line-height: 36px; text-align: left;\">Una Amplia Gama de Servicios<\/p>\n<p>[\/vc_column_text]<div class=\"ult-spacer spacer-69f275fa1a589\" data-id=\"69f275fa1a589\" data-height=\"60\" data-height-mobile=\"60\" data-height-tab=\"60\" data-height-tab-portrait=\"\" data-height-mobile-landscape=\"\" style=\"clear:both;display:block;\"><\/div>[\/vc_column][\/vc_row][vc_row][vc_column][vc_tour interval=\u00bb0&#8243; style=\u00bbtab-style-three\u00bb][vc_tab title=\u00bbViajes\u00bb tab_id=\u00bbfe1c3c4b-8a67-9&#8243;][vc_column_text css=\u00bb.vc_custom_1625677126699{margin-bottom: 10px !important;padding-bottom: 0px !important;}\u00bb][\/vc_column_text][vc_column_text]<img fetchpriority=\"high\" decoding=\"async\" class=\"alignnone size-full wp-image-199\" src=\"https:\/\/www.epicamericas.com\/wp-content\/uploads\/2021\/07\/travel-services.jpg\" alt=\"\" width=\"735\" height=\"205\" srcset=\"https:\/\/www.epicamericas.com\/wp-content\/uploads\/2021\/07\/travel-services.jpg 735w, https:\/\/www.epicamericas.com\/wp-content\/uploads\/2021\/07\/travel-services-300x84.jpg 300w\" sizes=\"(max-width: 735px) 100vw, 735px\" \/>[\/vc_column_text][vc_column_text css=\u00bb.vc_custom_1626828379157{margin-bottom: 10px !important;padding-bottom: 0px !important;}\u00bb]<\/p>\n<p style=\"font-size: 26px; font-weight: 200; font-family: Montserrat; color: #1e5baf; line-height: 36px; text-align: left;\">Viajes<\/p>\n<p>[\/vc_column_text][vc_column_text]<span style=\"font-weight: 400;\">Cuando ocurre algo inesperado, nuestros clientes saben que estar\u00e1n cubiertos, y nuestro equipo profesional se encargar\u00e1 de la atenci\u00f3n o los arreglos que sean necesarios.<\/span>[\/vc_column_text][\/vc_tab][vc_tab title=\u00bbExpatriados\u00bb tab_id=\u00bb1630539806059-4-4&#8243;][vc_column_text css=\u00bb.vc_custom_1625677126699{margin-bottom: 10px !important;padding-bottom: 0px !important;}\u00bb][\/vc_column_text][vc_column_text]<img decoding=\"async\" class=\"alignnone size-full wp-image-373\" src=\"https:\/\/www.epicamericas.com\/wp-content\/uploads\/2021\/09\/expat-services.jpg\" alt=\"\" width=\"735\" height=\"205\" srcset=\"https:\/\/www.epicamericas.com\/wp-content\/uploads\/2021\/09\/expat-services.jpg 735w, https:\/\/www.epicamericas.com\/wp-content\/uploads\/2021\/09\/expat-services-300x84.jpg 300w\" sizes=\"(max-width: 735px) 100vw, 735px\" \/>[\/vc_column_text][vc_column_text css=\u00bb.vc_custom_1630539830246{margin-bottom: 10px !important;padding-bottom: 0px !important;}\u00bb]<\/p>\n<p style=\"font-size: 26px; font-weight: 200; font-family: Montserrat; color: #1e5baf; line-height: 36px; text-align: left;\">Expatriados<\/p>\n<p>[\/vc_column_text][vc_column_text]<span style=\"font-weight: 400;\">Mientras est\u00e9n en los EE. UU., los estudiantes y los expatriados internacionales deben saber que pueden contar con acceso urgente y sin complicaciones a proveedores de atenci\u00f3n m\u00e9dica de la mejor calidad. Construiremos su red en funci\u00f3n de la demograf\u00eda del cliente y los patrones de utilizaci\u00f3n. Se requiere un enfoque \u00fanico para las poblaciones de expatriados, ya que la satisfacci\u00f3n de los asegurados es fundamental para el crecimiento continuo de su negocio.<\/span><\/p>\n<p><span style=\"font-weight: 400;\">Epic ofrece servicios administrativos completos:<\/span><\/p>\n<ul>\n<li style=\"font-weight: 400;\" aria-level=\"1\"><span style=\"font-weight: 400;\">Inscripci\u00f3n<\/span><\/li>\n<li style=\"font-weight: 400;\" aria-level=\"1\"><span style=\"font-weight: 400;\">Financiamiento<\/span><\/li>\n<li style=\"font-weight: 400;\" aria-level=\"1\"><span style=\"font-weight: 400;\">Reportes<\/span><\/li>\n<li style=\"font-weight: 400;\" aria-level=\"1\"><span style=\"font-weight: 400;\">Subrogaci\u00f3n<\/span><\/li>\n<\/ul>\n<p><span style=\"font-weight: 400;\">La gesti\u00f3n de beneficios de farmacia est\u00e1 disponible a trav\u00e9s de nuestra soluci\u00f3n interna, VerusRx. Tambi\u00e9n hay otras redes disponibles, seg\u00fan sus necesidades y los beneficios de su p\u00f3liza.<\/span>[\/vc_column_text][\/vc_tab][vc_tab title=\u00bbEstudiantes\u00bb tab_id=\u00bb1625618998140-2-7&#8243;][vc_column_text][\/vc_column_text][vc_column_text]<img decoding=\"async\" class=\"alignnone size-full wp-image-255\" src=\"https:\/\/www.epicamericas.com\/wp-content\/uploads\/2021\/07\/student-services.jpg\" alt=\"\" width=\"735\" height=\"205\" srcset=\"https:\/\/www.epicamericas.com\/wp-content\/uploads\/2021\/07\/student-services.jpg 735w, https:\/\/www.epicamericas.com\/wp-content\/uploads\/2021\/07\/student-services-300x84.jpg 300w\" sizes=\"(max-width: 735px) 100vw, 735px\" \/>[\/vc_column_text][vc_column_text css=\u00bb.vc_custom_1626828436813{margin-bottom: 10px !important;padding-bottom: 0px !important;}\u00bb]<\/p>\n<p style=\"font-size: 26px; font-weight: 200; font-family: Montserrat; color: #1e5baf; line-height: 36px; text-align: left;\">Estudiantes<\/p>\n<p>[\/vc_column_text][vc_column_text]<span style=\"font-weight: 400;\">Los estudiantes necesitan enfocarse en el camino que tienen por delante y no distraerse con obst\u00e1culos para obtener la atenci\u00f3n m\u00e9dica que necesitan.<\/span>[\/vc_column_text][\/vc_tab][vc_tab title=\u00bbSeguro M\u00e9dico Internacional Privado\u00bb tab_id=\u00bb1626304442650-4-9&#8243;][vc_column_text]<img loading=\"lazy\" decoding=\"async\" class=\"alignnone size-full wp-image-256\" src=\"https:\/\/www.epicamericas.com\/wp-content\/uploads\/2021\/07\/ipmi-services.jpg\" alt=\"\" width=\"735\" height=\"205\" srcset=\"https:\/\/www.epicamericas.com\/wp-content\/uploads\/2021\/07\/ipmi-services.jpg 735w, https:\/\/www.epicamericas.com\/wp-content\/uploads\/2021\/07\/ipmi-services-300x84.jpg 300w\" sizes=\"(max-width: 735px) 100vw, 735px\" \/>[\/vc_column_text][vc_column_text][\/vc_column_text][vc_column_text css=\u00bb.vc_custom_1626828487797{margin-bottom: 10px !important;padding-bottom: 0px !important;}\u00bb]<\/p>\n<p style=\"font-size: 26px; font-weight: 200; font-family: Montserrat; color: #1e5baf; line-height: 36px; text-align: left;\">Seguro M\u00e9dico Internacional Privado<\/p>\n<p>[\/vc_column_text][vc_column_text]<span style=\"font-weight: 400;\">Para expatriados y personas particulares que viven y trabajan fuera de su pa\u00eds natal, un Seguro m\u00e9dico internacional privado garantiza el mejor cuidado posible en cualquier parte del mundo.<\/span><\/p>\n<p><span style=\"font-weight: 400;\">Nuestros portales web de autoservicio para agentes, asegurados, empleadores y proveedores permiten a los usuarios realizar muchas funciones que ahorran tiempo.<\/span>[\/vc_column_text][\/vc_tab][vc_tab title=\u00bbM\u00e9dico Mayor\u00bb tab_id=\u00bb1626304195304-4-9&#8243;][vc_column_text css=\u00bb.vc_custom_1625677126699{margin-bottom: 10px !important;padding-bottom: 0px !important;}\u00bb][\/vc_column_text][vc_column_text]<img loading=\"lazy\" decoding=\"async\" class=\"alignnone size-full wp-image-254\" src=\"https:\/\/www.epicamericas.com\/wp-content\/uploads\/2021\/07\/major-medical-services.jpg\" alt=\"\" width=\"735\" height=\"205\" srcset=\"https:\/\/www.epicamericas.com\/wp-content\/uploads\/2021\/07\/major-medical-services.jpg 735w, https:\/\/www.epicamericas.com\/wp-content\/uploads\/2021\/07\/major-medical-services-300x84.jpg 300w\" sizes=\"(max-width: 735px) 100vw, 735px\" \/>[\/vc_column_text][vc_column_text css=\u00bb.vc_custom_1626304212236{margin-bottom: 10px !important;padding-bottom: 0px !important;}\u00bb]<\/p>\n<p style=\"font-size: 26px; font-weight: 200; font-family: Montserrat; color: #1e5baf; line-height: 36px; text-align: left;\">M\u00e9dico Mayor<\/p>\n<p>[\/vc_column_text][vc_column_text]<span style=\"font-weight: 400;\">Los tratamientos programados previamente y los electivos requieren un enfoque diferente. P\u00f3ngase en contacto con nosotros directamente para obtener informaci\u00f3n detallada sobre nuestros Centros de Excelencia.<\/span>[\/vc_column_text][\/vc_tab][\/vc_tour][\/vc_column][\/vc_row]<\/p>\n<\/div>","protected":false},"excerpt":{"rendered":"<p>[vc_row full_width=\u00bbstretch_row\u00bb css=\u00bb.vc_custom_1624417218706{border-top-width: 3px !important;background-color: #f7f7f7 !important;border-top-color: #86bcd9 !important;border-top-style: solid !important;}\u00bb][vc_column][vc_column_text] Trabajando dentro de sus par\u00e1metros, creamos programas personalizados que satisfacen sus\u00a0necesidades espec\u00edficas [\/vc_column_text][\/vc_column][\/vc_row][vc_row][vc_column][vc_column_text] Una Amplia Gama de Servicios [\/vc_column_text][\/vc_column][\/vc_row][vc_row][vc_column][vc_tour interval=\u00bb0&#8243; style=\u00bbtab-style-three\u00bb][vc_tab title=\u00bbViajes\u00bb tab_id=\u00bbfe1c3c4b-8a67-9&#8243;][vc_column_text css=\u00bb.vc_custom_1625677126699{margin-bottom: 10px !important;padding-bottom: 0px !important;}\u00bb][\/vc_column_text][vc_column_text][\/vc_column_text][vc_column_text css=\u00bb.vc_custom_1626828379157{margin-bottom: 10px !important;padding-bottom: 0px !important;}\u00bb] Viajes [\/vc_column_text][vc_column_text]Cuando ocurre algo inesperado, nuestros clientes saben que estar\u00e1n cubiertos,&hellip;<\/p>\n","protected":false},"author":1,"featured_media":0,"parent":0,"menu_order":0,"comment_status":"closed","ping_status":"closed","template":"","meta":{"footnotes":""},"class_list":["post-572","page","type-page","status-publish","hentry","description-off"],"_links":{"self":[{"href":"https:\/\/www.epicamericas.com\/es\/wp-json\/wp\/v2\/pages\/572","targetHints":{"allow":["GET"]}}],"collection":[{"href":"https:\/\/www.epicamericas.com\/es\/wp-json\/wp\/v2\/pages"}],"about":[{"href":"https:\/\/www.epicamericas.com\/es\/wp-json\/wp\/v2\/types\/page"}],"author":[{"embeddable":true,"href":"https:\/\/www.epicamericas.com\/es\/wp-json\/wp\/v2\/users\/1"}],"replies":[{"embeddable":true,"href":"https:\/\/www.epicamericas.com\/es\/wp-json\/wp\/v2\/comments?post=572"}],"version-history":[{"count":3,"href":"https:\/\/www.epicamericas.com\/es\/wp-json\/wp\/v2\/pages\/572\/revisions"}],"predecessor-version":[{"id":612,"href":"https:\/\/www.epicamericas.com\/es\/wp-json\/wp\/v2\/pages\/572\/revisions\/612"}],"wp:attachment":[{"href":"https:\/\/www.epicamericas.com\/es\/wp-json\/wp\/v2\/media?parent=572"}],"curies":[{"name":"wp","href":"https:\/\/api.w.org\/{rel}","templated":true}]}}