{"id":569,"date":"2021-07-06T22:46:24","date_gmt":"2021-07-06T22:46:24","guid":{"rendered":"https:\/\/www.epicamericas.com\/servicios\/"},"modified":"2022-06-22T21:13:10","modified_gmt":"2022-06-22T21:13:10","slug":"servicios","status":"publish","type":"page","link":"https:\/\/www.epicamericas.com\/es\/servicios\/","title":{"rendered":"Servicios"},"content":{"rendered":"<div class=\"wpb-content-wrapper\"><p>[vc_row full_width=\u00bbstretch_row\u00bb css=\u00bb.vc_custom_1624417218706{border-top-width: 3px !important;background-color: #f7f7f7 !important;border-top-color: #86bcd9 !important;border-top-style: solid !important;}\u00bb][vc_column][vc_column_text]<\/p>\n<p style=\"text-align: center; font-family: Montserrat; font-size: 18pt;\"><span style=\"color: #585858;\">La Mejor y M\u00e1s Completa Opci\u00f3n <\/span><span style=\"font-weight: 500; color: #1e5baf;\">Soluciones de Red y<br \/>\nla Gesti\u00f3n de Atenci\u00f3n M\u00e9dica \u00a0<\/span><span style=\"color: #585858;\">en las Am\u00e9ricas<\/span><\/p>\n<p>[\/vc_column_text][\/vc_column][\/vc_row][vc_row][vc_column]<div class=\"ult-spacer spacer-69f27777d73c8\" data-id=\"69f27777d73c8\" data-height=\"60\" data-height-mobile=\"60\" data-height-tab=\"60\" data-height-tab-portrait=\"\" data-height-mobile-landscape=\"\" style=\"clear:both;display:block;\"><\/div>[vc_column_text]<\/p>\n<p style=\"font-size: 26px; font-weight: 200; font-family: Montserrat; color: #1e5baf; line-height: 36px; text-align: left;\">\u00bfPor qu\u00e9 Epic?<\/p>\n<p>[\/vc_column_text][vc_column_text]<span style=\"font-weight: 400;\">Su negocio es \u00fanico y nuestras soluciones personalizadas se han dise\u00f1ado para abordar sus necesidades y requisitos espec\u00edficos.<\/span>[\/vc_column_text]<div class=\"ult-spacer spacer-69f27777d7424\" data-id=\"69f27777d7424\" data-height=\"60\" data-height-mobile=\"60\" data-height-tab=\"60\" data-height-tab-portrait=\"\" data-height-mobile-landscape=\"\" style=\"clear:both;display:block;\"><\/div>[\/vc_column][\/vc_row][vc_row][vc_column][vc_column_text css=\u00bb.vc_custom_1630532733729{margin-bottom: 0px !important;padding-bottom: 10px !important;}\u00bb]<\/p>\n<p style=\"font-size: 26px; font-weight: 200; font-family: Montserrat; color: #1e5baf; line-height: 36px; text-align: left;\">Asistencia 24\/7<\/p>\n<p>[\/vc_column_text][vc_separator color=\u00bbcustom\u00bb accent_color=\u00bb#d6245d\u00bb][vc_tour interval=\u00bb0&#8243; style=\u00bbtab-style-three\u00bb][vc_tab title=\u00bbAdministraci\u00f3n M\u00e9dica\u00bb tab_id=\u00bb1625670469711-3-0&#8243;][vc_column_text]<img fetchpriority=\"high\" decoding=\"async\" class=\"alignnone size-full wp-image-194\" src=\"https:\/\/www.epicamericas.com\/wp-content\/uploads\/2021\/07\/medical-management-services.jpg\" alt=\"\" width=\"735\" height=\"205\" srcset=\"https:\/\/www.epicamericas.com\/wp-content\/uploads\/2021\/07\/medical-management-services.jpg 735w, https:\/\/www.epicamericas.com\/wp-content\/uploads\/2021\/07\/medical-management-services-300x84.jpg 300w\" sizes=\"(max-width: 735px) 100vw, 735px\" \/>[\/vc_column_text][vc_column_text css=\u00bb.vc_custom_1625670520370{margin-bottom: 10px !important;padding-bottom: 0px !important;}\u00bb]<\/p>\n<p style=\"font-size: 26px; font-weight: 200; font-family: Montserrat; color: #1e5baf; line-height: 36px; text-align: left;\">Administraci\u00f3n M\u00e9dica<\/p>\n<p>[\/vc_column_text][vc_column_text]<span style=\"font-weight: 400;\">El equipo dedicado de Epic brinda administraci\u00f3n de casos grandes y revisi\u00f3n de utilizaci\u00f3n. Coordinan todos los aspectos del procedimiento m\u00e9dico de un paciente:<\/span><\/p>\n<ul>\n<li style=\"font-weight: 400;\" aria-level=\"1\"><span style=\"font-weight: 400;\">Dirigiendo a los pacientes al mejor centro m\u00e9dico para procedimientos (basado en costos y calidad)<\/span><\/li>\n<li style=\"font-weight: 400;\" aria-level=\"1\"><span style=\"font-weight: 400;\">Asistencia con el ingreso<\/span><\/li>\n<li style=\"font-weight: 400;\" aria-level=\"1\"><span style=\"font-weight: 400;\">Citas m\u00e9dicas<\/span><\/li>\n<li style=\"font-weight: 400;\" aria-level=\"1\"><span style=\"font-weight: 400;\">Evacuaci\u00f3n de regreso al pa\u00eds de origen <\/span><\/li>\n<\/ul>\n<p><span style=\"font-weight: 400;\">AEn todo el proceso, nos aseguramos de que los clientes comprendan el proceso y respondamos preguntas sobre el tratamiento m\u00e9dico propuesto. El soporte multiling\u00fce las 24 horas del d\u00eda, los 7 d\u00edas de la semana, ayuda a los pacientes y a los pagadores durante los procedimientos m\u00e9dicos de emergencia.<\/span><\/p>\n<p>[\/vc_column_text][\/vc_tab][vc_tab title=\u00bbTransporte M\u00e9dico\u00bb tab_id=\u00bb1626813126500-3-2&#8243;][vc_column_text]<img decoding=\"async\" class=\"alignnone size-full wp-image-370\" src=\"https:\/\/www.epicamericas.com\/wp-content\/uploads\/2021\/09\/airambulance-services.jpg\" alt=\"\" width=\"735\" height=\"205\" srcset=\"https:\/\/www.epicamericas.com\/wp-content\/uploads\/2021\/09\/airambulance-services.jpg 735w, https:\/\/www.epicamericas.com\/wp-content\/uploads\/2021\/09\/airambulance-services-300x84.jpg 300w\" sizes=\"(max-width: 735px) 100vw, 735px\" \/>[\/vc_column_text][vc_column_text css=\u00bb.vc_custom_1630532817441{margin-bottom: 10px !important;padding-bottom: 0px !important;}\u00bb]<\/p>\n<p style=\"font-size: 26px; font-weight: 200; font-family: Montserrat; color: #1e5baf; line-height: 36px; text-align: left;\">Transporte M\u00e9dico<\/p>\n<p>[\/vc_column_text][vc_column_text]<span style=\"font-weight: 400;\">Cuando cada segundo importa, cuente con Epic para proporcionar el transporte de emergencia necesario, ya sea ambulancia terrestre o a\u00e9rea, as\u00ed como escoltas m\u00e9dicas.<\/span>[\/vc_column_text][\/vc_tab][vc_tab title=\u00bbAsistencia No M\u00e9dica\u00bb tab_id=\u00bb1626813307124-3-7&#8243;][vc_column_text]<img decoding=\"async\" class=\"alignnone wp-image-201 size-full\" src=\"https:\/\/www.epicamericas.com\/wp-content\/uploads\/2021\/07\/non-medical.jpg\" alt=\"\" width=\"735\" height=\"205\" srcset=\"https:\/\/www.epicamericas.com\/wp-content\/uploads\/2021\/07\/non-medical.jpg 735w, https:\/\/www.epicamericas.com\/wp-content\/uploads\/2021\/07\/non-medical-300x84.jpg 300w\" sizes=\"(max-width: 735px) 100vw, 735px\" \/>[\/vc_column_text][vc_column_text css=\u00bb.vc_custom_1626814918218{margin-bottom: 10px !important;padding-bottom: 0px !important;}\u00bb]<\/p>\n<p style=\"font-size: 26px; font-weight: 200; font-family: Montserrat; color: #1e5baf; line-height: 36px; text-align: left;\">Asistencia No M\u00e9dica<\/p>\n<p>[\/vc_column_text][vc_column_text]<span style=\"font-weight: 400;\">Cuando ocurre una crisis, surgen circunstancias atenuantes que requieren asistencia. La amplia gama de servicios de Epic incluye adelantos en efectivo, concertar citas y m\u00e1s.<\/span><\/p>\n<p><span style=\"font-weight: 400;\">La asistencia previa al viaje incluye:<\/span><\/p>\n<ul>\n<li style=\"font-weight: 400;\" aria-level=\"1\"><span style=\"font-weight: 400;\">Advertencias de Viaje<\/span><\/li>\n<li style=\"font-weight: 400;\" aria-level=\"1\"><span style=\"font-weight: 400;\">Cancelaci\u00f3n de Viaje<\/span><\/li>\n<li style=\"font-weight: 400;\" aria-level=\"1\"><span style=\"font-weight: 400;\">Verificaci\u00f3n de Beneficios<\/span><\/li>\n<li style=\"font-weight: 400;\" aria-level=\"1\"><span style=\"font-weight: 400;\">Referidos Legales<\/span><\/li>\n<li style=\"font-weight: 400;\" aria-level=\"1\"><span style=\"font-weight: 400;\">Equipaje Perdido o Robado<\/span><\/li>\n<\/ul>\n<p>[\/vc_column_text][\/vc_tab][vc_tab title=\u00bbM\u00e9dico Mayor\u00bb tab_id=\u00bb1630532872410-5-1&#8243;][vc_column_text]<img loading=\"lazy\" decoding=\"async\" class=\"alignnone size-full wp-image-254\" src=\"https:\/\/www.epicamericas.com\/wp-content\/uploads\/2021\/07\/major-medical-services.jpg\" alt=\"\" width=\"735\" height=\"205\" srcset=\"https:\/\/www.epicamericas.com\/wp-content\/uploads\/2021\/07\/major-medical-services.jpg 735w, https:\/\/www.epicamericas.com\/wp-content\/uploads\/2021\/07\/major-medical-services-300x84.jpg 300w\" sizes=\"(max-width: 735px) 100vw, 735px\" \/>[\/vc_column_text][vc_column_text css=\u00bb.vc_custom_1630532927150{margin-bottom: 10px !important;padding-bottom: 0px !important;}\u00bb]<\/p>\n<p style=\"font-size: 26px; font-weight: 200; font-family: Montserrat; color: #1e5baf; line-height: 36px; text-align: left;\">M\u00e9dico Mayor<\/p>\n<p>[\/vc_column_text][vc_column_text]<span style=\"font-weight: 400;\">La gesti\u00f3n de casos m\u00e9dicos importantes es la base de un caso exitoso. Nuestro equipo de administraci\u00f3n de casos altamente capacitado y centrado en el paciente se concentra en la atenci\u00f3n del paciente y en la mitigaci\u00f3n de los cargos innecesarios. Nuestros administradores de casos experimentados mantienen actualizados constantemente al paciente y su familia.<\/span><\/p>\n<p><span style=\"font-weight: 400;\">Trabajamos con pacientes en condiciones complicadas como:<\/span><\/p>\n<ul>\n<li style=\"font-weight: 400;\" aria-level=\"1\"><span style=\"font-weight: 400;\">Transplantes<\/span><\/li>\n<li style=\"font-weight: 400;\" aria-level=\"1\"><span style=\"font-weight: 400;\">Oncolog\u00eda<\/span><\/li>\n<li style=\"font-weight: 400;\" aria-level=\"1\"><span style=\"font-weight: 400;\">Neonatolog\u00eda<\/span><\/li>\n<li style=\"font-weight: 400;\" aria-level=\"1\"><span style=\"font-weight: 400;\">Fallo Renal<\/span><\/li>\n<li style=\"font-weight: 400;\" aria-level=\"1\"><span style=\"font-weight: 400;\">Rehabilitaci\u00f3n<\/span><\/li>\n<li style=\"font-weight: 400;\" aria-level=\"1\"><span style=\"font-weight: 400;\">Manejo del Dolor<\/span><\/li>\n<li style=\"font-weight: 400;\" aria-level=\"1\"><span style=\"font-weight: 400;\">Farmacia de Especialidades<\/span><\/li>\n<li style=\"font-weight: 400;\" aria-level=\"1\"><span style=\"font-weight: 400;\">M\u00e1s <\/span><\/li>\n<\/ul>\n<p>[\/vc_column_text][\/vc_tab][vc_tab title=\u00bbTelemedicina\u00bb tab_id=\u00bb1626813335270-4-5&#8243;][vc_column_text]<img loading=\"lazy\" decoding=\"async\" class=\"alignnone wp-image-248 size-full\" src=\"https:\/\/www.epicamericas.com\/wp-content\/uploads\/2021\/07\/telemedicine-services.jpg\" alt=\"\" width=\"735\" height=\"205\" srcset=\"https:\/\/www.epicamericas.com\/wp-content\/uploads\/2021\/07\/telemedicine-services.jpg 735w, https:\/\/www.epicamericas.com\/wp-content\/uploads\/2021\/07\/telemedicine-services-300x84.jpg 300w\" sizes=\"(max-width: 735px) 100vw, 735px\" \/>[\/vc_column_text][vc_column_text css=\u00bb.vc_custom_1630532892500{margin-bottom: 10px !important;padding-bottom: 0px !important;}\u00bb]<\/p>\n<p style=\"font-size: 26px; font-weight: 200; font-family: Montserrat; color: #1e5baf; line-height: 36px; text-align: left;\">Telemedicina<\/p>\n<p>[\/vc_column_text][vc_column_text]<span style=\"font-weight: 400;\">Sin importar la ubicaci\u00f3n, su equipo de Epic les brinda a sus clientes acceso a m\u00e9dicos que pueden comenzar a abordar las necesidades de los pacientes en caso de s\u00edntomas menores, as\u00ed como soluciones inteligentes para ayudar a evitar cargos costosos y tiempos de espera extendidos en la sala de emergencias.<\/span>[\/vc_column_text][\/vc_tab][vc_tab title=\u00bbServicio de M\u00e9dico a Domicilio\u00bb tab_id=\u00bb9be3219e-fe8b-8&#8243;][vc_column_text]<img loading=\"lazy\" decoding=\"async\" class=\"alignnone size-full wp-image-371\" src=\"https:\/\/www.epicamericas.com\/wp-content\/uploads\/2021\/09\/housedoctor-services.jpg\" alt=\"\" width=\"735\" height=\"205\" srcset=\"https:\/\/www.epicamericas.com\/wp-content\/uploads\/2021\/09\/housedoctor-services.jpg 735w, https:\/\/www.epicamericas.com\/wp-content\/uploads\/2021\/09\/housedoctor-services-300x84.jpg 300w\" sizes=\"(max-width: 735px) 100vw, 735px\" \/>[\/vc_column_text][vc_column_text css=\u00bb.vc_custom_1630533011008{margin-bottom: 10px !important;padding-bottom: 0px !important;}\u00bb]<\/p>\n<p style=\"font-size: 26px; font-weight: 200; font-family: Montserrat; color: #1e5baf; line-height: 36px; text-align: left;\">Servicio de M\u00e9dico a Domicilio<\/p>\n<p>[\/vc_column_text][vc_column_text]<span style=\"font-weight: 400;\">Es importante ahora m\u00e1s que nunca, saber que se llamar\u00e1 a un m\u00e9dico a la habitaci\u00f3n de hotel o al apartamento de su cliente ofrece tranquilidad total.<\/span>[\/vc_column_text][\/vc_tab][\/vc_tour][\/vc_column][\/vc_row][vc_row][vc_column]<div class=\"ult-spacer spacer-69f27777d7473\" data-id=\"69f27777d7473\" data-height=\"100\" data-height-mobile=\"100\" data-height-tab=\"100\" data-height-tab-portrait=\"\" data-height-mobile-landscape=\"\" style=\"clear:both;display:block;\"><\/div>[\/vc_column][\/vc_row][vc_row][vc_column][vc_column_text css=\u00bb.vc_custom_1630533062883{margin-bottom: 0px !important;padding-bottom: 10px !important;}\u00bb]<\/p>\n<p style=\"font-size: 26px; font-weight: 200; font-family: Montserrat; color: #1e5baf; line-height: 36px; text-align: left;\">Soluciones de Red en EE.UU.<\/p>\n<p>[\/vc_column_text][vc_separator color=\u00bbcustom\u00bb accent_color=\u00bb#d6245d\u00bb][vc_tour interval=\u00bb0&#8243; style=\u00bbtab-style-three\u00bb][vc_tab title=\u00bbManejo de Beneficios de Recetas M\u00e9dicas\u00bb tab_id=\u00bb1625670569040-4-9&#8243;][vc_column_text]<img loading=\"lazy\" decoding=\"async\" class=\"alignnone size-full wp-image-198\" src=\"https:\/\/www.epicamericas.com\/wp-content\/uploads\/2021\/07\/prescription-services.jpg\" alt=\"\" width=\"735\" height=\"205\" srcset=\"https:\/\/www.epicamericas.com\/wp-content\/uploads\/2021\/07\/prescription-services.jpg 735w, https:\/\/www.epicamericas.com\/wp-content\/uploads\/2021\/07\/prescription-services-300x84.jpg 300w\" sizes=\"(max-width: 735px) 100vw, 735px\" \/>[\/vc_column_text][vc_column_text css=\u00bb.vc_custom_1625670642921{margin-bottom: 10px !important;padding-bottom: 0px !important;}\u00bb]<\/p>\n<p style=\"font-size: 26px; font-weight: 200; font-family: Montserrat; color: #1e5baf; line-height: 36px; text-align: left;\">Manejo de Beneficios de Recetas M\u00e9dicas<\/p>\n<p>[\/vc_column_text][vc_column_text]<span style=\"font-weight: 400;\">En los \u00faltimos a\u00f1os, las tendencias de aumento de los costos de los medicamentos recetados han superado las tendencias de los costos m\u00e9dicos. Adem\u00e1s, se prev\u00e9 que los costosos medicamentos especializados tendr\u00e1n el doble de tendencias de aumento de costos que los medicamentos minoristas. Los medicamentos especializados, con menos del 1 por ciento de las recetas, totalizaron casi el 40 por ciento del costo total de los medicamentos.<\/span><\/p>\n<p><b>VerusRx<\/b><span style=\"font-weight: 400;\"> es l\u00edder en la industria de beneficios de farmacia. Dedicado a un enfoque centrado en el cliente, VerusRx integra los datos de farmacia con la gesti\u00f3n m\u00e9dica para ofrecer los m\u00e1s altos est\u00e1ndares de atenci\u00f3n con terapias cl\u00ednicamente apropiadas. VerusRx est\u00e1 comprometido con la transparencia de los costos totales y trabaja incansablemente para mejorar los resultados de salud.<\/span>[\/vc_column_text][\/vc_tab][\/vc_tour][\/vc_column][\/vc_row][vc_row][vc_column]<div class=\"ult-spacer spacer-69f27777d74a9\" data-id=\"69f27777d74a9\" data-height=\"100\" data-height-mobile=\"100\" data-height-tab=\"100\" data-height-tab-portrait=\"\" data-height-mobile-landscape=\"\" style=\"clear:both;display:block;\"><\/div>[\/vc_column][\/vc_row][vc_row][vc_column][vc_column_text css=\u00bb.vc_custom_1626814555791{margin-bottom: 0px !important;padding-bottom: 10px !important;}\u00bb]<\/p>\n<p style=\"font-size: 26px; font-weight: 200; font-family: Montserrat; color: #1e5baf; line-height: 36px; text-align: left;\">Servicio al Cliente y Gerencia de Cuentas<\/p>\n<p>[\/vc_column_text][vc_separator color=\u00bbcustom\u00bb accent_color=\u00bb#d6245d\u00bb][vc_tour interval=\u00bb0&#8243; style=\u00bbtab-style-three\u00bb][vc_tab title=\u00bbServicio al Cliente\u00bb tab_id=\u00bb1626814575523-1-1&#8243;][vc_column_text]<img loading=\"lazy\" decoding=\"async\" class=\"alignnone wp-image-189 size-full\" src=\"https:\/\/www.epicamericas.com\/wp-content\/uploads\/2021\/07\/customer-service-services.jpg\" alt=\"\" width=\"735\" height=\"205\" srcset=\"https:\/\/www.epicamericas.com\/wp-content\/uploads\/2021\/07\/customer-service-services.jpg 735w, https:\/\/www.epicamericas.com\/wp-content\/uploads\/2021\/07\/customer-service-services-300x84.jpg 300w\" sizes=\"(max-width: 735px) 100vw, 735px\" \/>[\/vc_column_text][vc_column_text css=\u00bb.vc_custom_1626814726412{margin-bottom: 10px !important;padding-bottom: 0px !important;}\u00bb]<\/p>\n<p style=\"font-size: 26px; font-weight: 200; font-family: Montserrat; color: #1e5baf; line-height: 36px; text-align: left;\">Servicio al Cliente y Gerencia de Cuentas<\/p>\n<p>[\/vc_column_text][vc_column_text]<span style=\"font-weight: 400;\">Nuestro equipo de atenci\u00f3n al cliente 24\/7 ofrece:<\/span><\/p>\n<ul>\n<li style=\"font-weight: 400;\" aria-level=\"1\"><span style=\"font-weight: 400;\">Los niveles m\u00e1s altos de facilitaci\u00f3n para notificaci\u00f3n de casos m\u00e9dicos.<\/span><\/li>\n<li style=\"font-weight: 400;\" aria-level=\"1\"><span style=\"font-weight: 400;\">Gerencia de cuentas multilingue<\/span><\/li>\n<li style=\"font-weight: 400;\" aria-level=\"1\"><span style=\"font-weight: 400;\">Estimaciones de costos<\/span><\/li>\n<li style=\"font-weight: 400;\" aria-level=\"1\"><span style=\"font-weight: 400;\">Verificaci\u00f3n de elegibilidad y beneficios<\/span><\/li>\n<li style=\"font-weight: 400;\" aria-level=\"1\"><span style=\"font-weight: 400;\">Referencias a proveedores<\/span><\/li>\n<\/ul>\n<p>[\/vc_column_text][\/vc_tab][vc_tab title=\u00bbGerencia de Cuentas\u00bb tab_id=\u00bb1631661119815-2-6&#8243;][vc_column_text]<img loading=\"lazy\" decoding=\"async\" class=\"alignnone size-full wp-image-408\" src=\"https:\/\/www.epicamericas.com\/wp-content\/uploads\/2021\/09\/account-mgmt-services.jpg\" alt=\"\" width=\"735\" height=\"205\" srcset=\"https:\/\/www.epicamericas.com\/wp-content\/uploads\/2021\/09\/account-mgmt-services.jpg 735w, https:\/\/www.epicamericas.com\/wp-content\/uploads\/2021\/09\/account-mgmt-services-300x84.jpg 300w\" sizes=\"(max-width: 735px) 100vw, 735px\" \/>[\/vc_column_text][vc_column_text css=\u00bb.vc_custom_1631661179563{margin-bottom: 10px !important;padding-bottom: 0px !important;}\u00bb]<\/p>\n<p style=\"font-size: 26px; font-weight: 200; font-family: Montserrat; color: #1e5baf; line-height: 36px; text-align: left;\">Gerencia de Cuentas<\/p>\n<p>[\/vc_column_text][vc_column_text]<span style=\"font-weight: 400;\">Nuestro equipo dedicado de Gerencia de Cuentas le proporcionar\u00e1 un \u00fanico punto de contacto que tambi\u00e9n trabajar\u00e1 con usted para integrar soluciones eficientes para los requisitos de su negocio.<\/span>[\/vc_column_text][\/vc_tab][vc_tab title=\u00bbReportes\u00bb tab_id=\u00bb1626814600147-1-3&#8243;][vc_column_text]<img loading=\"lazy\" decoding=\"async\" class=\"alignnone wp-image-249 size-full\" src=\"https:\/\/www.epicamericas.com\/wp-content\/uploads\/2021\/07\/reporting-services.jpg\" alt=\"\" width=\"735\" height=\"205\" srcset=\"https:\/\/www.epicamericas.com\/wp-content\/uploads\/2021\/07\/reporting-services.jpg 735w, https:\/\/www.epicamericas.com\/wp-content\/uploads\/2021\/07\/reporting-services-300x84.jpg 300w\" sizes=\"(max-width: 735px) 100vw, 735px\" \/>[\/vc_column_text][vc_column_text css=\u00bb.vc_custom_1626814629715{margin-bottom: 10px !important;padding-bottom: 0px !important;}\u00bb]<\/p>\n<p style=\"font-size: 26px; font-weight: 200; font-family: Montserrat; color: #1e5baf; line-height: 36px; text-align: left;\">Reportes<\/p>\n<p>[\/vc_column_text][vc_column_text]<span style=\"font-weight: 400;\">Epic ha invertido una gran cantidad de tiempo y energ\u00eda en dise\u00f1ar los sistemas de reportes m\u00e1s completos. Nuestros sistemas Epic combinan el an\u00e1lisis de datos y la conectividad del sistema para reducir los costos operativos y brindar eficiencia y transparencia. Los informes personalizados est\u00e1n disponibles para todos nuestros clientes. En el camino, monitoreamos todos los casos para detectar cargos innecesarios. Nuestro equipo sigue un caso de principio a fin y realiza un seguimiento de cada d\u00f3lar. <\/span>[\/vc_column_text][\/vc_tab][\/vc_tour][\/vc_column][\/vc_row][vc_row][vc_column]<div class=\"ult-spacer spacer-69f27777d74da\" data-id=\"69f27777d74da\" data-height=\"70\" data-height-mobile=\"70\" data-height-tab=\"70\" data-height-tab-portrait=\"\" data-height-mobile-landscape=\"\" style=\"clear:both;display:block;\"><\/div>[\/vc_column][\/vc_row]<\/p>\n<\/div>","protected":false},"excerpt":{"rendered":"<p>[vc_row full_width=\u00bbstretch_row\u00bb css=\u00bb.vc_custom_1624417218706{border-top-width: 3px !important;background-color: #f7f7f7 !important;border-top-color: #86bcd9 !important;border-top-style: solid !important;}\u00bb][vc_column][vc_column_text] La Mejor y M\u00e1s Completa Opci\u00f3n Soluciones de Red y la Gesti\u00f3n de Atenci\u00f3n M\u00e9dica \u00a0en las Am\u00e9ricas [\/vc_column_text][\/vc_column][\/vc_row][vc_row][vc_column][vc_column_text] \u00bfPor qu\u00e9 Epic? [\/vc_column_text][vc_column_text]Su negocio es \u00fanico y nuestras soluciones personalizadas se han dise\u00f1ado para abordar sus necesidades y requisitos espec\u00edficos.[\/vc_column_text][\/vc_column][\/vc_row][vc_row][vc_column][vc_column_text css=\u00bb.vc_custom_1630532733729{margin-bottom: 0px !important;padding-bottom: 10px&hellip;<\/p>\n","protected":false},"author":1,"featured_media":0,"parent":0,"menu_order":0,"comment_status":"closed","ping_status":"closed","template":"","meta":{"footnotes":""},"class_list":["post-569","page","type-page","status-publish","hentry","description-off"],"_links":{"self":[{"href":"https:\/\/www.epicamericas.com\/es\/wp-json\/wp\/v2\/pages\/569","targetHints":{"allow":["GET"]}}],"collection":[{"href":"https:\/\/www.epicamericas.com\/es\/wp-json\/wp\/v2\/pages"}],"about":[{"href":"https:\/\/www.epicamericas.com\/es\/wp-json\/wp\/v2\/types\/page"}],"author":[{"embeddable":true,"href":"https:\/\/www.epicamericas.com\/es\/wp-json\/wp\/v2\/users\/1"}],"replies":[{"embeddable":true,"href":"https:\/\/www.epicamericas.com\/es\/wp-json\/wp\/v2\/comments?post=569"}],"version-history":[{"count":5,"href":"https:\/\/www.epicamericas.com\/es\/wp-json\/wp\/v2\/pages\/569\/revisions"}],"predecessor-version":[{"id":779,"href":"https:\/\/www.epicamericas.com\/es\/wp-json\/wp\/v2\/pages\/569\/revisions\/779"}],"wp:attachment":[{"href":"https:\/\/www.epicamericas.com\/es\/wp-json\/wp\/v2\/media?parent=569"}],"curies":[{"name":"wp","href":"https:\/\/api.w.org\/{rel}","templated":true}]}}