{"id":565,"date":"2021-06-08T19:13:43","date_gmt":"2021-06-08T19:13:43","guid":{"rendered":"https:\/\/www.epicamericas.com\/inicio\/"},"modified":"2022-06-22T21:07:31","modified_gmt":"2022-06-22T21:07:31","slug":"inicio","status":"publish","type":"page","link":"https:\/\/www.epicamericas.com\/es\/","title":{"rendered":"Inicio"},"content":{"rendered":"<div class=\"wpb-content-wrapper\"><p>[vc_row full_width=\u00bbstretch_row\u00bb disable_element=\u00bbyes\u00bb css=\u00bb.vc_custom_1627667933079{border-top-width: 4px !important;background-color: #f7f7f7 !important;border-top-color: #86bcd9 !important;border-top-style: solid !important;}\u00bb][vc_column][vc_row_inner equal_height=\u00bbyes\u00bb content_placement=\u00bbmiddle\u00bb gap=\u00bb35&#8243;][vc_column_inner][\/vc_column_inner][\/vc_row_inner][\/vc_column][\/vc_row][vc_row][vc_column]<div class=\"ult-spacer spacer-69f56cbcd936e\" data-id=\"69f56cbcd936e\" data-height=\"100\" data-height-mobile=\"100\" data-height-tab=\"100\" data-height-tab-portrait=\"\" data-height-mobile-landscape=\"\" style=\"clear:both;display:block;\"><\/div>[vc_column_text css=\u00bb.vc_custom_1627919745871{margin-bottom: 0px !important;padding-bottom: 0px !important;}\u00bb]<\/p>\n<p style=\"text-align: center; font-size: 26px; font-weight: 500; font-family: Montserrat; color: #1e5baf; line-height: 36px;\">Presentamos Epic<\/p>\n<p>[\/vc_column_text][vc_column_text]<\/p>\n<p style=\"text-align: center; font-family: Montserrat; font-size: 18pt;\"><span style=\"color: #1e5baf; font-weight: 200;\">Su Aliado para toda Am\u00e9rica<\/span><\/p>\n<p>[\/vc_column_text][vc_separator color=\u00bbcustom\u00bb border_width=\u00bb4&#8243; el_width=\u00bb10&#8243; accent_color=\u00bb#d6245d\u00bb]<div class=\"ult-spacer spacer-69f56cbcd93b6\" data-id=\"69f56cbcd93b6\" data-height=\"60\" data-height-mobile=\"60\" data-height-tab=\"60\" data-height-tab-portrait=\"\" data-height-mobile-landscape=\"\" style=\"clear:both;display:block;\"><\/div>[vc_row_inner equal_height=\u00bbyes\u00bb content_placement=\u00bbmiddle\u00bb gap=\u00bb35&#8243;][vc_column_inner width=\u00bb1\/2&#8243;][vc_column_text]<\/p>\n<p style=\"font-size: 26px; font-weight: 200; font-family: Montserrat; color: #1e5baf; line-height: 36px; text-align: left;\">Epic complementa su conjunto de productos y servicios existente<\/p>\n<p>[\/vc_column_text][vc_column_text]<b><span style=\"font-weight: 400;\">Conocemos las Am\u00e9ricas. Nacimos de una fusi\u00f3n de experiencia y conocimiento, estamos totalmente sintonizados con nuestros mercados y en constante evoluci\u00f3n, como solo puede estarlo una empresa concebida y alimentada con un verdadero esp\u00edritu emprendedor. La capacidad de responder r\u00e1pidamente a nuevos desaf\u00edos es un componente principal de nuestro ADN corporativo.<\/span><\/b><\/p>\n<p><b>Estamos listos para ayudarle a navegar por los diversos y complejos mercados del cuidado de salud en las Am\u00e9ricas: EE.UU., Canad\u00e1 y Am\u00e9rica Latina.<\/b><\/p>\n<p><span style=\"font-weight: 400;\">En Epic, reconocemos y reaccionamos a las condiciones emergentes para que podamos continuar brindando los mejores resultados a nuestros clientes.<\/span><\/p>\n<p><b>La ventaja privilegiada en todo el continente americano<\/b><\/p>\n<p><span style=\"font-weight: 400;\">Bas\u00e1ndose en las relaciones a largo plazo de nuestras empresas hermanas afiliadas, Epic le ofrece redes propietarias basadas en acuerdos s\u00f3lidos y directos.<\/span>[\/vc_column_text][\/vc_column_inner][vc_column_inner width=\u00bb1\/2&#8243;][vc_column_text]<a data-fancybox=\"iframe\" data-type=\"iframe\" data-src=\"https:\/\/www.youtube.com\/embed\/kDJKdsATYyE?modestbranding=1;rel=0\"><img fetchpriority=\"high\" decoding=\"async\" class=\"fancyover aligncenter\" src=\"https:\/\/www.epicamericas.com\/wp-content\/uploads\/2022\/04\/epic-video-spa.jpg\" alt=\"\" width=\"575\" height=\"406\" \/><\/a>[\/vc_column_text][\/vc_column_inner][\/vc_row_inner][\/vc_column][\/vc_row][vc_row][vc_column]<div class=\"ult-spacer spacer-69f56cbcd93e0\" data-id=\"69f56cbcd93e0\" data-height=\"90\" data-height-mobile=\"30\" data-height-tab=\"\" data-height-tab-portrait=\"\" data-height-mobile-landscape=\"\" style=\"clear:both;display:block;\"><\/div>[\/vc_column][\/vc_row][vc_row full_width=\u00bbstretch_row\u00bb content_placement=\u00bbmiddle\u00bb css=\u00bb.vc_custom_1630717526019{background: #1e3861 url(https:\/\/www.epicamericas.com\/wp-content\/uploads\/2021\/09\/americas-back.jpg?id=347) !important;background-position: center !important;background-repeat: no-repeat !important;background-size: contain !important;}\u00bb][vc_column]<div class=\"ult-spacer spacer-69f56cbcd9402\" data-id=\"69f56cbcd9402\" data-height=\"90\" data-height-mobile=\"30\" data-height-tab=\"\" data-height-tab-portrait=\"\" data-height-mobile-landscape=\"\" style=\"clear:both;display:block;\"><\/div>[vc_row_inner][vc_column_inner width=\u00bb1\/3&#8243;][vc_column_text css=\u00bb.vc_custom_1630614768110{margin-bottom: 0px !important;padding-bottom: 0px !important;}\u00bb]<\/p>\n<p style=\"text-align: left; font-size: 26px; font-weight: 500; font-family: Montserrat; color: #fff; line-height: 36px;\">Cuente con Epic<\/p>\n<p>[\/vc_column_text][vc_column_text css=\u00bb.vc_custom_1630614845081{margin-top: 0px !important;margin-bottom: 20px !important;padding-top: 0px !important;padding-bottom: 0px !important;}\u00bb]<\/p>\n<p style=\"text-align: left; font-size: 20px; font-weight: 200; font-family: Montserrat; color: #fff; line-height: 26px;\">en todo el continente para:<\/p>\n<p>[\/vc_column_text][vc_separator color=\u00bbcustom\u00bb align=\u00bbalign_left\u00bb border_width=\u00bb4&#8243; el_width=\u00bb40&#8243; accent_color=\u00bb#d6245d\u00bb][vc_column_text]<\/p>\n<ul>\n<li><span style=\"color: #cccccc;\">Soluciones de redes completas para todas sus necesidades<\/span><\/li>\n<li><span style=\"color: #cccccc;\">(Organizaci\u00f3n de Proveedores Preferenciales) nacionales y regionales de primer nivel<\/span><\/li>\n<li><span style=\"color: #cccccc;\">Servicio de m\u00e9dico a domicilio 24\/7<\/span><\/li>\n<li><span style=\"color: #cccccc;\">Servicio de telemedicina 24\/7<\/span><\/li>\n<li><span style=\"color: #cccccc;\">Acceso a un gran n\u00famero de cl\u00ednicas de conveniencia<\/span><\/li>\n<li><span style=\"color: #cccccc;\">Un equipo de gerencia de cuentas para apoyarle durante la implementaci\u00f3n, as\u00ed como su relaci\u00f3n continua con nuestro equipo de Epic<\/span><\/li>\n<\/ul>\n<p>[\/vc_column_text][\/vc_column_inner][vc_column_inner width=\u00bb1\/3&#8243;][\/vc_column_inner][vc_column_inner width=\u00bb1\/3&#8243;][\/vc_column_inner][\/vc_row_inner]<div class=\"ult-spacer spacer-69f56cbcd942b\" data-id=\"69f56cbcd942b\" data-height=\"90\" data-height-mobile=\"30\" data-height-tab=\"\" data-height-tab-portrait=\"\" data-height-mobile-landscape=\"\" style=\"clear:both;display:block;\"><\/div>[\/vc_column][\/vc_row]<\/p>\n<\/div>","protected":false},"excerpt":{"rendered":"<p>[vc_row full_width=\u00bbstretch_row\u00bb disable_element=\u00bbyes\u00bb css=\u00bb.vc_custom_1627667933079{border-top-width: 4px !important;background-color: #f7f7f7 !important;border-top-color: #86bcd9 !important;border-top-style: solid !important;}\u00bb][vc_column][vc_row_inner equal_height=\u00bbyes\u00bb content_placement=\u00bbmiddle\u00bb gap=\u00bb35&#8243;][vc_column_inner][\/vc_column_inner][\/vc_row_inner][\/vc_column][\/vc_row][vc_row][vc_column][vc_column_text css=\u00bb.vc_custom_1627919745871{margin-bottom: 0px !important;padding-bottom: 0px !important;}\u00bb] Presentamos Epic [\/vc_column_text][vc_column_text] Su Aliado para toda Am\u00e9rica [\/vc_column_text][vc_separator color=\u00bbcustom\u00bb border_width=\u00bb4&#8243; el_width=\u00bb10&#8243; accent_color=\u00bb#d6245d\u00bb][vc_row_inner equal_height=\u00bbyes\u00bb content_placement=\u00bbmiddle\u00bb gap=\u00bb35&#8243;][vc_column_inner width=\u00bb1\/2&#8243;][vc_column_text] Epic complementa su conjunto de productos y servicios existente [\/vc_column_text][vc_column_text]Conocemos las Am\u00e9ricas. Nacimos de una fusi\u00f3n de experiencia&hellip;<\/p>\n","protected":false},"author":1,"featured_media":0,"parent":0,"menu_order":0,"comment_status":"closed","ping_status":"closed","template":"","meta":{"footnotes":""},"class_list":["post-565","page","type-page","status-publish","hentry","description-off"],"_links":{"self":[{"href":"https:\/\/www.epicamericas.com\/es\/wp-json\/wp\/v2\/pages\/565","targetHints":{"allow":["GET"]}}],"collection":[{"href":"https:\/\/www.epicamericas.com\/es\/wp-json\/wp\/v2\/pages"}],"about":[{"href":"https:\/\/www.epicamericas.com\/es\/wp-json\/wp\/v2\/types\/page"}],"author":[{"embeddable":true,"href":"https:\/\/www.epicamericas.com\/es\/wp-json\/wp\/v2\/users\/1"}],"replies":[{"embeddable":true,"href":"https:\/\/www.epicamericas.com\/es\/wp-json\/wp\/v2\/comments?post=565"}],"version-history":[{"count":9,"href":"https:\/\/www.epicamericas.com\/es\/wp-json\/wp\/v2\/pages\/565\/revisions"}],"predecessor-version":[{"id":778,"href":"https:\/\/www.epicamericas.com\/es\/wp-json\/wp\/v2\/pages\/565\/revisions\/778"}],"wp:attachment":[{"href":"https:\/\/www.epicamericas.com\/es\/wp-json\/wp\/v2\/media?parent=565"}],"curies":[{"name":"wp","href":"https:\/\/api.w.org\/{rel}","templated":true}]}}